{"id":5447,"date":"2020-07-22T10:49:25","date_gmt":"2020-07-22T13:49:25","guid":{"rendered":"http:\/\/promoalge.com.br\/?post_type=product&#038;p=5447"},"modified":"2020-07-22T10:49:26","modified_gmt":"2020-07-22T13:49:26","slug":"caixa-de-som-pr3019","status":"publish","type":"product","link":"https:\/\/promoalge.com.br\/?product=caixa-de-som-pr3019","title":{"rendered":"Caixa de Som &#8211; PR3019"},"content":{"rendered":"","protected":false},"excerpt":{"rendered":"<p>Caixa de som multim\u00eddia com rel\u00f3gio despertador e suporte para celular. Produzida em pl\u00e1stico e com borrachas antiderrapantes na \u00e1rea inferior, a caixa de som tem a \u00e1rea frontal espelhada e display de LED, al\u00e9m de um compartimento com suporte para celular \u2013 uma esp\u00e9cie de \u201cgaveta\u201d aonde \u00e9 exibido (CLOCK SPEAKER), basta pux\u00e1-la ter acesso ao compartimento. A caixa de som executa nos modos bluetooth, r\u00e1dio FM, cart\u00e3o TF-microSD (at\u00e9 16GB) e entrada auxiliar P2, para alternar entre os modos basta pressionar o bot\u00e3o M (modo); ao segurar o bot\u00e3o ON \u25b8|| o produto ser\u00e1 ligado\/desligado, ao pression\u00e1-lo ir\u00e1 iniciar\/pausar a faixa; os bot\u00f5es l\u25c2\u25c2 e \u25b8\u25b8l ao serem pressionados ir\u00e3o retroceder ou avan\u00e7ar as faixas, ao serem segurados ir\u00e3o diminuir ou aumentar o volume; o bot\u00e3o \u274aalterna a luminosidade do display entre 3 n\u00edveis; os bot\u00f5es < e > ao serem pressionador durante o modo de configura\u00e7\u00e3o, ir\u00e3o ajustar o rel\u00f3gio, despertador e toque do alarme; o bot\u00e3o SET ao ser pressionado ir\u00e1 alterar entre 4 op\u00e7\u00f5es: rel\u00f3gio, ativa\u00e7\u00e3o alarme 1 (ser\u00e1 exibido o s\u00edmbolo do despertador 1), ativa\u00e7\u00e3o alarme 2 (ser\u00e1 exibido o s\u00edmbolo do despertador 2) e ativa\u00e7\u00e3o alarmes 1 e 2 (ser\u00e3o exibidos os s\u00edmbolo dos despertadores 1 e 2), para cada modo escolhido, segure o bot\u00e3o SET para iniciar a configura\u00e7\u00e3o e depois o pressione para avan\u00e7ar ao pr\u00f3ximo ajuste \u2013 no modo despertador \u00e9 poss\u00edvel escolher entre 5 alarmes para reprodu\u00e7\u00e3o. Para usufruir adequadamente da fun\u00e7\u00e3o de r\u00e1dio, \u00e9 necess\u00e1rio conectar o cabo microUSB para que este sirva como uma antena receptora de sinal, feito isso pressione o bot\u00e3o ON \u25b8|| para iniciar a sintoniza\u00e7\u00e3o autom\u00e1tica. Al\u00e9m destas fun\u00e7\u00f5es, o rel\u00f3gio tem exibi\u00e7\u00e3o de temperatura em graus C\u00ba, display com exibi\u00e7\u00e3o de volume, exibi\u00e7\u00e3o de sintonia das r\u00e1dios e fun\u00e7\u00e3o para atendimento de chamadas telef\u00f4nicas (necess\u00e1rio estar conectado ao bluetooth). Bluetooth V 5.0; Frequ\u00eancia de resposta 80Hz-20KHz; Frequ\u00eancia de r\u00e1dio 87.5MHz-108MHz; Bateria de lithium 3.7V com 1400mAh; Dist\u00e2ncia de alcance 10 metros; Voltagem DC 5V; Falante 4\u03a93W; SNR \u226565db e distor\u00e7\u00e3o <0,5% . Acompanha cabo USB e manual em ingl\u00eas.\nMedidas: Altura :  6,8 cm  x  Largura :  4,6 cm x Comprimento :  13,8 cm\n\nGrava\u00e7\u00e3o serigrafia em 1 cor.\n<\/p>\n","protected":false},"featured_media":5448,"template":"","meta":[],"product_brand":[],"product_cat":[417],"product_tag":[],"class_list":{"0":"post-5447","1":"product","2":"type-product","3":"status-publish","4":"has-post-thumbnail","6":"product_cat-pendrive-tecnologia","8":"first","9":"instock","10":"shipping-taxable","11":"product-type-simple"},"_links":{"self":[{"href":"https:\/\/promoalge.com.br\/index.php?rest_route=\/wp\/v2\/product\/5447","targetHints":{"allow":["GET"]}}],"collection":[{"href":"https:\/\/promoalge.com.br\/index.php?rest_route=\/wp\/v2\/product"}],"about":[{"href":"https:\/\/promoalge.com.br\/index.php?rest_route=\/wp\/v2\/types\/product"}],"wp:featuredmedia":[{"embeddable":true,"href":"https:\/\/promoalge.com.br\/index.php?rest_route=\/wp\/v2\/media\/5448"}],"wp:attachment":[{"href":"https:\/\/promoalge.com.br\/index.php?rest_route=%2Fwp%2Fv2%2Fmedia&parent=5447"}],"wp:term":[{"taxonomy":"product_brand","embeddable":true,"href":"https:\/\/promoalge.com.br\/index.php?rest_route=%2Fwp%2Fv2%2Fproduct_brand&post=5447"},{"taxonomy":"product_cat","embeddable":true,"href":"https:\/\/promoalge.com.br\/index.php?rest_route=%2Fwp%2Fv2%2Fproduct_cat&post=5447"},{"taxonomy":"product_tag","embeddable":true,"href":"https:\/\/promoalge.com.br\/index.php?rest_route=%2Fwp%2Fv2%2Fproduct_tag&post=5447"}],"curies":[{"name":"wp","href":"https:\/\/api.w.org\/{rel}","templated":true}]}}