{"id":55,"date":"2018-06-14T17:02:40","date_gmt":"2018-06-14T20:02:40","guid":{"rendered":"http:\/\/promoalge.com.br\/?product=import-placeholder-for-3607"},"modified":"2018-10-18T15:00:08","modified_gmt":"2018-10-18T18:00:08","slug":"caneta-plastica-pr206","status":"publish","type":"product","link":"https:\/\/promoalge.com.br\/?product=caneta-plastica-pr206","title":{"rendered":"Caneta Pl\u00e1stica &#8211; PR206"},"content":{"rendered":"<p>Caneta Esferogr\u00e1fica com corpo Plastico. Grava\u00e7\u00e3o serigrafia.<\/p>\n","protected":false},"excerpt":{"rendered":"<p>Caneta Esferogr\u00e1fica com corpo Plastico. Grava\u00e7\u00e3o serigrafia.<\/p>\n","protected":false},"featured_media":142,"template":"","meta":[],"product_brand":[],"product_cat":[18],"product_tag":[],"class_list":{"0":"post-55","1":"product","2":"type-product","3":"status-publish","4":"has-post-thumbnail","6":"product_cat-canetas-plastica","8":"first","9":"instock","10":"shipping-taxable","11":"product-type-simple"},"_links":{"self":[{"href":"https:\/\/promoalge.com.br\/index.php?rest_route=\/wp\/v2\/product\/55","targetHints":{"allow":["GET"]}}],"collection":[{"href":"https:\/\/promoalge.com.br\/index.php?rest_route=\/wp\/v2\/product"}],"about":[{"href":"https:\/\/promoalge.com.br\/index.php?rest_route=\/wp\/v2\/types\/product"}],"wp:featuredmedia":[{"embeddable":true,"href":"https:\/\/promoalge.com.br\/index.php?rest_route=\/wp\/v2\/media\/142"}],"wp:attachment":[{"href":"https:\/\/promoalge.com.br\/index.php?rest_route=%2Fwp%2Fv2%2Fmedia&parent=55"}],"wp:term":[{"taxonomy":"product_brand","embeddable":true,"href":"https:\/\/promoalge.com.br\/index.php?rest_route=%2Fwp%2Fv2%2Fproduct_brand&post=55"},{"taxonomy":"product_cat","embeddable":true,"href":"https:\/\/promoalge.com.br\/index.php?rest_route=%2Fwp%2Fv2%2Fproduct_cat&post=55"},{"taxonomy":"product_tag","embeddable":true,"href":"https:\/\/promoalge.com.br\/index.php?rest_route=%2Fwp%2Fv2%2Fproduct_tag&post=55"}],"curies":[{"name":"wp","href":"https:\/\/api.w.org\/{rel}","templated":true}]}}