{"id":5500,"date":"2020-08-07T10:27:02","date_gmt":"2020-08-07T13:27:02","guid":{"rendered":"http:\/\/promoalge.com.br\/?post_type=product&#038;p=5500"},"modified":"2025-08-12T16:54:45","modified_gmt":"2025-08-12T19:54:45","slug":"bolsa-porta-2-garrafas-termica-prmpbt2g","status":"publish","type":"product","link":"https:\/\/promoalge.com.br\/?product=bolsa-porta-2-garrafas-termica-prmpbt2g","title":{"rendered":"Bolsa Porta 2 Garrafas T\u00e9rmica &#8211; PRMPBT2G"},"content":{"rendered":"","protected":false},"excerpt":{"rendered":"<p>Bolsa T\u00e9rmica porta 1 garrafa produzida em PVC Brilho 020mm Color, forro em PVC Brilho 018mm Branco, Espuma T\u00e9rmica 4mm, z\u00edper de nylon, cursor niquelado, al\u00e7a de polipropileno 30mm, rebite niquelado, medidas 20cm larg x 30cm alt x 12cm profundidade. Grava\u00e7\u00e3o serigrafia em 1 cor.<\/p>\n","protected":false},"featured_media":5501,"template":"","meta":[],"product_brand":[],"product_cat":[49,79,414],"product_tag":[],"class_list":{"0":"post-5500","1":"product","2":"type-product","3":"status-publish","4":"has-post-thumbnail","6":"product_cat-bar-queijo-vinhos","7":"product_cat-bolsas-mochilas","8":"product_cat-praia-verao","10":"first","11":"instock","12":"shipping-taxable","13":"product-type-simple"},"_links":{"self":[{"href":"https:\/\/promoalge.com.br\/index.php?rest_route=\/wp\/v2\/product\/5500","targetHints":{"allow":["GET"]}}],"collection":[{"href":"https:\/\/promoalge.com.br\/index.php?rest_route=\/wp\/v2\/product"}],"about":[{"href":"https:\/\/promoalge.com.br\/index.php?rest_route=\/wp\/v2\/types\/product"}],"wp:featuredmedia":[{"embeddable":true,"href":"https:\/\/promoalge.com.br\/index.php?rest_route=\/wp\/v2\/media\/5501"}],"wp:attachment":[{"href":"https:\/\/promoalge.com.br\/index.php?rest_route=%2Fwp%2Fv2%2Fmedia&parent=5500"}],"wp:term":[{"taxonomy":"product_brand","embeddable":true,"href":"https:\/\/promoalge.com.br\/index.php?rest_route=%2Fwp%2Fv2%2Fproduct_brand&post=5500"},{"taxonomy":"product_cat","embeddable":true,"href":"https:\/\/promoalge.com.br\/index.php?rest_route=%2Fwp%2Fv2%2Fproduct_cat&post=5500"},{"taxonomy":"product_tag","embeddable":true,"href":"https:\/\/promoalge.com.br\/index.php?rest_route=%2Fwp%2Fv2%2Fproduct_tag&post=5500"}],"curies":[{"name":"wp","href":"https:\/\/api.w.org\/{rel}","templated":true}]}}