{"id":5512,"date":"2020-08-17T15:35:13","date_gmt":"2020-08-17T18:35:13","guid":{"rendered":"http:\/\/promoalge.com.br\/?post_type=product&#038;p=5512"},"modified":"2020-08-17T15:35:13","modified_gmt":"2020-08-17T18:35:13","slug":"caneta-metalica-com-estojo-pr81401","status":"publish","type":"product","link":"https:\/\/promoalge.com.br\/?product=caneta-metalica-com-estojo-pr81401","title":{"rendered":"Caneta Met\u00e1lica com Estojo &#8211; PR81401"},"content":{"rendered":"","protected":false},"excerpt":{"rendered":"<p>Caneta met\u00e1lica esferogr\u00e1fica produzida em material corti\u00e7a e metal, 1,5km de escrita.Incluso estojo almofadado, medidas caneta \u00f811 x 137 mm, medidas estojo: 180 x 56 x 30 mm. Grava\u00e7\u00e3o serigrafia em 1 cor no estojo e laser na caneta.<\/p>\n","protected":false},"featured_media":5513,"template":"","meta":[],"product_brand":[],"product_cat":[346,407],"product_tag":[],"class_list":{"0":"post-5512","1":"product","2":"type-product","3":"status-publish","4":"has-post-thumbnail","6":"product_cat-canetas-metalicas","7":"product_cat-conjuntos","9":"first","10":"instock","11":"shipping-taxable","12":"product-type-simple"},"_links":{"self":[{"href":"https:\/\/promoalge.com.br\/index.php?rest_route=\/wp\/v2\/product\/5512","targetHints":{"allow":["GET"]}}],"collection":[{"href":"https:\/\/promoalge.com.br\/index.php?rest_route=\/wp\/v2\/product"}],"about":[{"href":"https:\/\/promoalge.com.br\/index.php?rest_route=\/wp\/v2\/types\/product"}],"wp:featuredmedia":[{"embeddable":true,"href":"https:\/\/promoalge.com.br\/index.php?rest_route=\/wp\/v2\/media\/5513"}],"wp:attachment":[{"href":"https:\/\/promoalge.com.br\/index.php?rest_route=%2Fwp%2Fv2%2Fmedia&parent=5512"}],"wp:term":[{"taxonomy":"product_brand","embeddable":true,"href":"https:\/\/promoalge.com.br\/index.php?rest_route=%2Fwp%2Fv2%2Fproduct_brand&post=5512"},{"taxonomy":"product_cat","embeddable":true,"href":"https:\/\/promoalge.com.br\/index.php?rest_route=%2Fwp%2Fv2%2Fproduct_cat&post=5512"},{"taxonomy":"product_tag","embeddable":true,"href":"https:\/\/promoalge.com.br\/index.php?rest_route=%2Fwp%2Fv2%2Fproduct_tag&post=5512"}],"curies":[{"name":"wp","href":"https:\/\/api.w.org\/{rel}","templated":true}]}}