{"id":5514,"date":"2020-08-17T15:39:57","date_gmt":"2020-08-17T18:39:57","guid":{"rendered":"http:\/\/promoalge.com.br\/?post_type=product&#038;p=5514"},"modified":"2020-08-17T15:39:58","modified_gmt":"2020-08-17T18:39:58","slug":"caneta-metalica-roller-com-estojo-pr91428","status":"publish","type":"product","link":"https:\/\/promoalge.com.br\/?product=caneta-metalica-roller-com-estojo-pr91428","title":{"rendered":"Caneta Met\u00e1lica Roller com Estojo &#8211; PR91428"},"content":{"rendered":"","protected":false},"excerpt":{"rendered":"<p>Caneta Roller com corpo met\u00e1lico , incluso estojo almofadado. Medidas caneta \u00f812 x 136 mm | Estojo: 175 x 55 x 25 mm. Grava\u00e7\u00e3o serigrafia em 1 cor no estojo e laser na caneta.<\/p>\n","protected":false},"featured_media":5515,"template":"","meta":[],"product_brand":[],"product_cat":[346,407],"product_tag":[],"class_list":{"0":"post-5514","1":"product","2":"type-product","3":"status-publish","4":"has-post-thumbnail","6":"product_cat-canetas-metalicas","7":"product_cat-conjuntos","9":"first","10":"instock","11":"shipping-taxable","12":"product-type-simple"},"_links":{"self":[{"href":"https:\/\/promoalge.com.br\/index.php?rest_route=\/wp\/v2\/product\/5514","targetHints":{"allow":["GET"]}}],"collection":[{"href":"https:\/\/promoalge.com.br\/index.php?rest_route=\/wp\/v2\/product"}],"about":[{"href":"https:\/\/promoalge.com.br\/index.php?rest_route=\/wp\/v2\/types\/product"}],"wp:featuredmedia":[{"embeddable":true,"href":"https:\/\/promoalge.com.br\/index.php?rest_route=\/wp\/v2\/media\/5515"}],"wp:attachment":[{"href":"https:\/\/promoalge.com.br\/index.php?rest_route=%2Fwp%2Fv2%2Fmedia&parent=5514"}],"wp:term":[{"taxonomy":"product_brand","embeddable":true,"href":"https:\/\/promoalge.com.br\/index.php?rest_route=%2Fwp%2Fv2%2Fproduct_brand&post=5514"},{"taxonomy":"product_cat","embeddable":true,"href":"https:\/\/promoalge.com.br\/index.php?rest_route=%2Fwp%2Fv2%2Fproduct_cat&post=5514"},{"taxonomy":"product_tag","embeddable":true,"href":"https:\/\/promoalge.com.br\/index.php?rest_route=%2Fwp%2Fv2%2Fproduct_tag&post=5514"}],"curies":[{"name":"wp","href":"https:\/\/api.w.org\/{rel}","templated":true}]}}