{"id":5520,"date":"2020-08-17T16:08:41","date_gmt":"2020-08-17T19:08:41","guid":{"rendered":"http:\/\/promoalge.com.br\/?post_type=product&#038;p=5520"},"modified":"2020-08-17T16:46:50","modified_gmt":"2020-08-17T19:46:50","slug":"conjunto-de-caneta-roller-e-esferografica-pr91816","status":"publish","type":"product","link":"https:\/\/promoalge.com.br\/?product=conjunto-de-caneta-roller-e-esferografica-pr91816","title":{"rendered":"Kit Caneta Roller e Esferogr\u00e1fica &#8211; PR91816"},"content":{"rendered":"","protected":false},"excerpt":{"rendered":"<p>Conjunto de canetas met\u00e1lica sendo 1 roller e 1 esferogr\u00e1fica, 2km de escrita, incluso estojo almofadado. Medidas canetas \u00f812 x 132 mm | Estojo: 170 x 70 x 30 mm. Grava\u00e7\u00e3o serigrafia em 1 cor no estojo e laser nas canetas.<\/p>\n","protected":false},"featured_media":5521,"template":"","meta":[],"product_brand":[],"product_cat":[346,407],"product_tag":[],"class_list":{"0":"post-5520","1":"product","2":"type-product","3":"status-publish","4":"has-post-thumbnail","6":"product_cat-canetas-metalicas","7":"product_cat-conjuntos","9":"first","10":"instock","11":"shipping-taxable","12":"product-type-simple"},"_links":{"self":[{"href":"https:\/\/promoalge.com.br\/index.php?rest_route=\/wp\/v2\/product\/5520","targetHints":{"allow":["GET"]}}],"collection":[{"href":"https:\/\/promoalge.com.br\/index.php?rest_route=\/wp\/v2\/product"}],"about":[{"href":"https:\/\/promoalge.com.br\/index.php?rest_route=\/wp\/v2\/types\/product"}],"wp:featuredmedia":[{"embeddable":true,"href":"https:\/\/promoalge.com.br\/index.php?rest_route=\/wp\/v2\/media\/5521"}],"wp:attachment":[{"href":"https:\/\/promoalge.com.br\/index.php?rest_route=%2Fwp%2Fv2%2Fmedia&parent=5520"}],"wp:term":[{"taxonomy":"product_brand","embeddable":true,"href":"https:\/\/promoalge.com.br\/index.php?rest_route=%2Fwp%2Fv2%2Fproduct_brand&post=5520"},{"taxonomy":"product_cat","embeddable":true,"href":"https:\/\/promoalge.com.br\/index.php?rest_route=%2Fwp%2Fv2%2Fproduct_cat&post=5520"},{"taxonomy":"product_tag","embeddable":true,"href":"https:\/\/promoalge.com.br\/index.php?rest_route=%2Fwp%2Fv2%2Fproduct_tag&post=5520"}],"curies":[{"name":"wp","href":"https:\/\/api.w.org\/{rel}","templated":true}]}}