{"id":5522,"date":"2020-08-17T16:45:05","date_gmt":"2020-08-17T19:45:05","guid":{"rendered":"http:\/\/promoalge.com.br\/?post_type=product&#038;p=5522"},"modified":"2020-08-17T16:47:10","modified_gmt":"2020-08-17T19:47:10","slug":"conjunto-de-caneta-roller-e-esferografica-pr91897","status":"publish","type":"product","link":"https:\/\/promoalge.com.br\/?product=conjunto-de-caneta-roller-e-esferografica-pr91897","title":{"rendered":"Kit Caneta Roller e Esferogr\u00e1fica &#8211; PR91897"},"content":{"rendered":"","protected":false},"excerpt":{"rendered":"<p>Conjunto de caneta met\u00e1lica roller e esferogr\u00e1fica, possui 1,5km de escrita, incluso estojo almofadado. Medidas canetas: Roller: \u00f812 x 136 mm | Esferogr\u00e1fica: \u00f812 x 132 mm | Estojo: 174 x 64 x 26 mm. Grava\u00e7\u00e3o a laser nas canetas e serigrafia em 1 cor no estojo.<\/p>\n","protected":false},"featured_media":5523,"template":"","meta":[],"product_brand":[],"product_cat":[346,407],"product_tag":[],"class_list":{"0":"post-5522","1":"product","2":"type-product","3":"status-publish","4":"has-post-thumbnail","6":"product_cat-canetas-metalicas","7":"product_cat-conjuntos","9":"first","10":"instock","11":"shipping-taxable","12":"product-type-simple"},"_links":{"self":[{"href":"https:\/\/promoalge.com.br\/index.php?rest_route=\/wp\/v2\/product\/5522","targetHints":{"allow":["GET"]}}],"collection":[{"href":"https:\/\/promoalge.com.br\/index.php?rest_route=\/wp\/v2\/product"}],"about":[{"href":"https:\/\/promoalge.com.br\/index.php?rest_route=\/wp\/v2\/types\/product"}],"wp:featuredmedia":[{"embeddable":true,"href":"https:\/\/promoalge.com.br\/index.php?rest_route=\/wp\/v2\/media\/5523"}],"wp:attachment":[{"href":"https:\/\/promoalge.com.br\/index.php?rest_route=%2Fwp%2Fv2%2Fmedia&parent=5522"}],"wp:term":[{"taxonomy":"product_brand","embeddable":true,"href":"https:\/\/promoalge.com.br\/index.php?rest_route=%2Fwp%2Fv2%2Fproduct_brand&post=5522"},{"taxonomy":"product_cat","embeddable":true,"href":"https:\/\/promoalge.com.br\/index.php?rest_route=%2Fwp%2Fv2%2Fproduct_cat&post=5522"},{"taxonomy":"product_tag","embeddable":true,"href":"https:\/\/promoalge.com.br\/index.php?rest_route=%2Fwp%2Fv2%2Fproduct_tag&post=5522"}],"curies":[{"name":"wp","href":"https:\/\/api.w.org\/{rel}","templated":true}]}}