{"id":5528,"date":"2020-08-17T16:50:11","date_gmt":"2020-08-17T19:50:11","guid":{"rendered":"http:\/\/promoalge.com.br\/?post_type=product&#038;p=5528"},"modified":"2020-08-17T16:50:12","modified_gmt":"2020-08-17T19:50:12","slug":"kit-caneta-roller-e-esferografica-pr91899","status":"publish","type":"product","link":"https:\/\/promoalge.com.br\/?product=kit-caneta-roller-e-esferografica-pr91899","title":{"rendered":"Kit Caneta Roller e Esferogr\u00e1fica &#8211; PR91899"},"content":{"rendered":"","protected":false},"excerpt":{"rendered":"<p>Conjunto de canetas roller e esferogr\u00e1fica em alum\u00ednio, caneta esferogr\u00e1fica possui 1,5km de escrita. Incluso estojo para as canetas. Grava\u00e7\u00e3o a laser nas canetas.<\/p>\n","protected":false},"featured_media":5529,"template":"","meta":[],"product_brand":[],"product_cat":[346,407],"product_tag":[],"class_list":{"0":"post-5528","1":"product","2":"type-product","3":"status-publish","4":"has-post-thumbnail","6":"product_cat-canetas-metalicas","7":"product_cat-conjuntos","9":"first","10":"instock","11":"shipping-taxable","12":"product-type-simple"},"_links":{"self":[{"href":"https:\/\/promoalge.com.br\/index.php?rest_route=\/wp\/v2\/product\/5528","targetHints":{"allow":["GET"]}}],"collection":[{"href":"https:\/\/promoalge.com.br\/index.php?rest_route=\/wp\/v2\/product"}],"about":[{"href":"https:\/\/promoalge.com.br\/index.php?rest_route=\/wp\/v2\/types\/product"}],"wp:featuredmedia":[{"embeddable":true,"href":"https:\/\/promoalge.com.br\/index.php?rest_route=\/wp\/v2\/media\/5529"}],"wp:attachment":[{"href":"https:\/\/promoalge.com.br\/index.php?rest_route=%2Fwp%2Fv2%2Fmedia&parent=5528"}],"wp:term":[{"taxonomy":"product_brand","embeddable":true,"href":"https:\/\/promoalge.com.br\/index.php?rest_route=%2Fwp%2Fv2%2Fproduct_brand&post=5528"},{"taxonomy":"product_cat","embeddable":true,"href":"https:\/\/promoalge.com.br\/index.php?rest_route=%2Fwp%2Fv2%2Fproduct_cat&post=5528"},{"taxonomy":"product_tag","embeddable":true,"href":"https:\/\/promoalge.com.br\/index.php?rest_route=%2Fwp%2Fv2%2Fproduct_tag&post=5528"}],"curies":[{"name":"wp","href":"https:\/\/api.w.org\/{rel}","templated":true}]}}