{"id":5542,"date":"2020-08-19T18:37:26","date_gmt":"2020-08-19T21:37:26","guid":{"rendered":"http:\/\/promoalge.com.br\/?post_type=product&#038;p=5542"},"modified":"2025-08-12T16:54:42","modified_gmt":"2025-08-12T19:54:42","slug":"kit-churrasco-pr7444","status":"publish","type":"product","link":"https:\/\/promoalge.com.br\/?product=kit-churrasco-pr7444","title":{"rendered":"Kit Churrasco &#8211; PR7444"},"content":{"rendered":"","protected":false},"excerpt":{"rendered":"<p>Kit churrasco 4 pe\u00e7as em estojo de nylon com al\u00e7a. Possui: pegador, garfo, esp\u00e1tula e faca em inox, acompanha prote\u00e7\u00f5es pl\u00e1sticas e parte interna com velcro para guardar as pe\u00e7as.Medidas aproximadas (CxL): Estojo 37,4 cm x 11,3 cm &#8211; Esp\u00e1tula 35,5 cm x 7 cm &#8211; Faca 32,5 cm x 2,5 cm \u2013 Garfo 34,6 cm x 3,3 cm \u2013 Pegador 34,3 cm x 5,7 cm. Grava\u00e7\u00e3o a laser no estojo e nos talheres.<\/p>\n","protected":false},"featured_media":5543,"template":"","meta":[],"product_brand":[],"product_cat":[412],"product_tag":[],"class_list":{"0":"post-5542","1":"product","2":"type-product","3":"status-publish","4":"has-post-thumbnail","6":"product_cat-kits-churrasco","8":"first","9":"instock","10":"shipping-taxable","11":"product-type-simple"},"_links":{"self":[{"href":"https:\/\/promoalge.com.br\/index.php?rest_route=\/wp\/v2\/product\/5542","targetHints":{"allow":["GET"]}}],"collection":[{"href":"https:\/\/promoalge.com.br\/index.php?rest_route=\/wp\/v2\/product"}],"about":[{"href":"https:\/\/promoalge.com.br\/index.php?rest_route=\/wp\/v2\/types\/product"}],"wp:featuredmedia":[{"embeddable":true,"href":"https:\/\/promoalge.com.br\/index.php?rest_route=\/wp\/v2\/media\/5543"}],"wp:attachment":[{"href":"https:\/\/promoalge.com.br\/index.php?rest_route=%2Fwp%2Fv2%2Fmedia&parent=5542"}],"wp:term":[{"taxonomy":"product_brand","embeddable":true,"href":"https:\/\/promoalge.com.br\/index.php?rest_route=%2Fwp%2Fv2%2Fproduct_brand&post=5542"},{"taxonomy":"product_cat","embeddable":true,"href":"https:\/\/promoalge.com.br\/index.php?rest_route=%2Fwp%2Fv2%2Fproduct_cat&post=5542"},{"taxonomy":"product_tag","embeddable":true,"href":"https:\/\/promoalge.com.br\/index.php?rest_route=%2Fwp%2Fv2%2Fproduct_tag&post=5542"}],"curies":[{"name":"wp","href":"https:\/\/api.w.org\/{rel}","templated":true}]}}