{"id":5592,"date":"2020-08-20T23:22:23","date_gmt":"2020-08-21T02:22:23","guid":{"rendered":"http:\/\/promoalge.com.br\/?post_type=product&#038;p=5592"},"modified":"2020-08-20T23:22:24","modified_gmt":"2020-08-21T02:22:24","slug":"pasta-com-bloco-de-anotacoes-pr93734","status":"publish","type":"product","link":"https:\/\/promoalge.com.br\/?product=pasta-com-bloco-de-anotacoes-pr93734","title":{"rendered":"Pasta com Bloco de Anota\u00e7\u00f5es &#8211; PR93734"},"content":{"rendered":"","protected":false},"excerpt":{"rendered":"<p>Paste executiva com capa em poli\u00e9ster e bloco de anota\u00e7\u00f5es na parte interna remov\u00edvel com 80 folhas n\u00e3o pautadas, possui bolso interior, porta caneta e bolso externo, medidas 16 x 22 cm. Grava\u00e7\u00e3o serigrafia em 1 cor.<\/p>\n","protected":false},"featured_media":5600,"template":"","meta":[],"product_brand":[],"product_cat":[409,410],"product_tag":[],"class_list":{"0":"post-5592","1":"product","2":"type-product","3":"status-publish","4":"has-post-thumbnail","6":"product_cat-escritorio","7":"product_cat-eventos-pastas-pvc","9":"first","10":"instock","11":"shipping-taxable","12":"product-type-simple"},"_links":{"self":[{"href":"https:\/\/promoalge.com.br\/index.php?rest_route=\/wp\/v2\/product\/5592","targetHints":{"allow":["GET"]}}],"collection":[{"href":"https:\/\/promoalge.com.br\/index.php?rest_route=\/wp\/v2\/product"}],"about":[{"href":"https:\/\/promoalge.com.br\/index.php?rest_route=\/wp\/v2\/types\/product"}],"wp:featuredmedia":[{"embeddable":true,"href":"https:\/\/promoalge.com.br\/index.php?rest_route=\/wp\/v2\/media\/5600"}],"wp:attachment":[{"href":"https:\/\/promoalge.com.br\/index.php?rest_route=%2Fwp%2Fv2%2Fmedia&parent=5592"}],"wp:term":[{"taxonomy":"product_brand","embeddable":true,"href":"https:\/\/promoalge.com.br\/index.php?rest_route=%2Fwp%2Fv2%2Fproduct_brand&post=5592"},{"taxonomy":"product_cat","embeddable":true,"href":"https:\/\/promoalge.com.br\/index.php?rest_route=%2Fwp%2Fv2%2Fproduct_cat&post=5592"},{"taxonomy":"product_tag","embeddable":true,"href":"https:\/\/promoalge.com.br\/index.php?rest_route=%2Fwp%2Fv2%2Fproduct_tag&post=5592"}],"curies":[{"name":"wp","href":"https:\/\/api.w.org\/{rel}","templated":true}]}}