{"id":5628,"date":"2020-09-14T20:44:31","date_gmt":"2020-09-14T23:44:31","guid":{"rendered":"http:\/\/promoalge.com.br\/?post_type=product&#038;p=5628"},"modified":"2020-09-14T20:44:31","modified_gmt":"2020-09-14T23:44:31","slug":"kit-caneta-lapiseira-pr91834","status":"publish","type":"product","link":"https:\/\/promoalge.com.br\/?product=kit-caneta-lapiseira-pr91834","title":{"rendered":"Kit Caneta &#038; Lapiseira &#8211; PR91834"},"content":{"rendered":"","protected":false},"excerpt":{"rendered":"<p>Conjunto de caneta esferogr\u00e1fica e lapiseira de alum\u00ednio, lapiseira: grafite 0.7. Incluso estojo medidas 165 x 50 x 24 mm. Grava\u00e7\u00e3o a laser caneta e lapiseira.<\/p>\n","protected":false},"featured_media":5629,"template":"","meta":[],"product_brand":[],"product_cat":[346,407],"product_tag":[],"class_list":{"0":"post-5628","1":"product","2":"type-product","3":"status-publish","4":"has-post-thumbnail","6":"product_cat-canetas-metalicas","7":"product_cat-conjuntos","9":"first","10":"instock","11":"shipping-taxable","12":"product-type-simple"},"_links":{"self":[{"href":"https:\/\/promoalge.com.br\/index.php?rest_route=\/wp\/v2\/product\/5628","targetHints":{"allow":["GET"]}}],"collection":[{"href":"https:\/\/promoalge.com.br\/index.php?rest_route=\/wp\/v2\/product"}],"about":[{"href":"https:\/\/promoalge.com.br\/index.php?rest_route=\/wp\/v2\/types\/product"}],"wp:featuredmedia":[{"embeddable":true,"href":"https:\/\/promoalge.com.br\/index.php?rest_route=\/wp\/v2\/media\/5629"}],"wp:attachment":[{"href":"https:\/\/promoalge.com.br\/index.php?rest_route=%2Fwp%2Fv2%2Fmedia&parent=5628"}],"wp:term":[{"taxonomy":"product_brand","embeddable":true,"href":"https:\/\/promoalge.com.br\/index.php?rest_route=%2Fwp%2Fv2%2Fproduct_brand&post=5628"},{"taxonomy":"product_cat","embeddable":true,"href":"https:\/\/promoalge.com.br\/index.php?rest_route=%2Fwp%2Fv2%2Fproduct_cat&post=5628"},{"taxonomy":"product_tag","embeddable":true,"href":"https:\/\/promoalge.com.br\/index.php?rest_route=%2Fwp%2Fv2%2Fproduct_tag&post=5628"}],"curies":[{"name":"wp","href":"https:\/\/api.w.org\/{rel}","templated":true}]}}