{"id":5649,"date":"2020-09-14T21:06:27","date_gmt":"2020-09-15T00:06:27","guid":{"rendered":"http:\/\/promoalge.com.br\/?post_type=product&#038;p=5649"},"modified":"2020-09-14T21:29:59","modified_gmt":"2020-09-15T00:29:59","slug":"kit-caneta-lapiseira-prer182par","status":"publish","type":"product","link":"https:\/\/promoalge.com.br\/?product=kit-caneta-lapiseira-prer182par","title":{"rendered":"Kit Caneta &#038; Lapiseira Met\u00e1lica &#8211; PRER182PAR"},"content":{"rendered":"","protected":false},"excerpt":{"rendered":"<p>Conjunto caneta e lapiseira em estojo de papel\u00e3o r\u00edgido com placa central para personaliza\u00e7\u00e3o. Caneta\/Lapiseira metal inteira colorida com detalhes prata, clip metal com duas \u201clinhas\u201d e na \u201cponta\u201d superior detalhe de uma linha no meio. Possui tr\u00eas an\u00e9is abaixo do clip, anel centralizado e anel inferior e acionam por giro, estojo revestida com espuma na parte interna, medidas estojo 18 x 6,5 cm. Grava\u00e7\u00e3o a laser na caneta, lapiseira e estojo.<\/p>\n","protected":false},"featured_media":5656,"template":"","meta":[],"product_brand":[],"product_cat":[346,407],"product_tag":[],"class_list":{"0":"post-5649","1":"product","2":"type-product","3":"status-publish","4":"has-post-thumbnail","6":"product_cat-canetas-metalicas","7":"product_cat-conjuntos","9":"first","10":"instock","11":"shipping-taxable","12":"product-type-simple"},"_links":{"self":[{"href":"https:\/\/promoalge.com.br\/index.php?rest_route=\/wp\/v2\/product\/5649","targetHints":{"allow":["GET"]}}],"collection":[{"href":"https:\/\/promoalge.com.br\/index.php?rest_route=\/wp\/v2\/product"}],"about":[{"href":"https:\/\/promoalge.com.br\/index.php?rest_route=\/wp\/v2\/types\/product"}],"wp:featuredmedia":[{"embeddable":true,"href":"https:\/\/promoalge.com.br\/index.php?rest_route=\/wp\/v2\/media\/5656"}],"wp:attachment":[{"href":"https:\/\/promoalge.com.br\/index.php?rest_route=%2Fwp%2Fv2%2Fmedia&parent=5649"}],"wp:term":[{"taxonomy":"product_brand","embeddable":true,"href":"https:\/\/promoalge.com.br\/index.php?rest_route=%2Fwp%2Fv2%2Fproduct_brand&post=5649"},{"taxonomy":"product_cat","embeddable":true,"href":"https:\/\/promoalge.com.br\/index.php?rest_route=%2Fwp%2Fv2%2Fproduct_cat&post=5649"},{"taxonomy":"product_tag","embeddable":true,"href":"https:\/\/promoalge.com.br\/index.php?rest_route=%2Fwp%2Fv2%2Fproduct_tag&post=5649"}],"curies":[{"name":"wp","href":"https:\/\/api.w.org\/{rel}","templated":true}]}}