{"id":5658,"date":"2020-09-14T21:13:43","date_gmt":"2020-09-15T00:13:43","guid":{"rendered":"http:\/\/promoalge.com.br\/?post_type=product&#038;p=5658"},"modified":"2020-09-14T21:30:12","modified_gmt":"2020-09-15T00:30:12","slug":"kit-caneta-lapiseira-prer181par","status":"publish","type":"product","link":"https:\/\/promoalge.com.br\/?product=kit-caneta-lapiseira-prer181par","title":{"rendered":"Kit Caneta &#038; Lapiseira Met\u00e1lica &#8211; PRER181PAR"},"content":{"rendered":"","protected":false},"excerpt":{"rendered":"<p>Conjunto caneta e lapiseira em estojo de papel\u00e3o r\u00edgido com placa central para personaliza\u00e7\u00e3o. Clip metal com dois an\u00e9is em relevo, anel centralizado e dois an\u00e9is em relevo na ponteira e acionam por giro, estojo revestida com espuma na parte interna, medidas 18 x 6,5 cm. Grava\u00e7\u00e3o a laser na caneta, lapiseira e estojo.<\/p>\n","protected":false},"featured_media":5662,"template":"","meta":[],"product_brand":[],"product_cat":[346,407],"product_tag":[],"class_list":{"0":"post-5658","1":"product","2":"type-product","3":"status-publish","4":"has-post-thumbnail","6":"product_cat-canetas-metalicas","7":"product_cat-conjuntos","9":"first","10":"instock","11":"shipping-taxable","12":"product-type-simple"},"_links":{"self":[{"href":"https:\/\/promoalge.com.br\/index.php?rest_route=\/wp\/v2\/product\/5658","targetHints":{"allow":["GET"]}}],"collection":[{"href":"https:\/\/promoalge.com.br\/index.php?rest_route=\/wp\/v2\/product"}],"about":[{"href":"https:\/\/promoalge.com.br\/index.php?rest_route=\/wp\/v2\/types\/product"}],"wp:featuredmedia":[{"embeddable":true,"href":"https:\/\/promoalge.com.br\/index.php?rest_route=\/wp\/v2\/media\/5662"}],"wp:attachment":[{"href":"https:\/\/promoalge.com.br\/index.php?rest_route=%2Fwp%2Fv2%2Fmedia&parent=5658"}],"wp:term":[{"taxonomy":"product_brand","embeddable":true,"href":"https:\/\/promoalge.com.br\/index.php?rest_route=%2Fwp%2Fv2%2Fproduct_brand&post=5658"},{"taxonomy":"product_cat","embeddable":true,"href":"https:\/\/promoalge.com.br\/index.php?rest_route=%2Fwp%2Fv2%2Fproduct_cat&post=5658"},{"taxonomy":"product_tag","embeddable":true,"href":"https:\/\/promoalge.com.br\/index.php?rest_route=%2Fwp%2Fv2%2Fproduct_tag&post=5658"}],"curies":[{"name":"wp","href":"https:\/\/api.w.org\/{rel}","templated":true}]}}