{"id":5742,"date":"2020-09-16T19:32:42","date_gmt":"2020-09-16T22:32:42","guid":{"rendered":"http:\/\/promoalge.com.br\/?post_type=product&#038;p=5742"},"modified":"2021-05-25T13:00:46","modified_gmt":"2021-05-25T16:00:46","slug":"copo-termico-parede-dupla-pr94677","status":"publish","type":"product","link":"https:\/\/promoalge.com.br\/?product=copo-termico-parede-dupla-pr94677","title":{"rendered":"Copo T\u00e9rmico Parede Dupla &#8211; PR94677"},"content":{"rendered":"","protected":false},"excerpt":{"rendered":"<p>Copo t\u00e9rmico a\u00e7o inox corpo com parede dupla, capacidade 400 ml com tampa. Grava\u00e7\u00e3o a laser.<\/p>\n","protected":false},"featured_media":5746,"template":"","meta":[],"product_brand":[],"product_cat":[237,414],"product_tag":[],"class_list":{"0":"post-5742","1":"product","2":"type-product","3":"status-publish","4":"has-post-thumbnail","6":"product_cat-metalicas","7":"product_cat-praia-verao","9":"first","10":"instock","11":"shipping-taxable","12":"product-type-simple"},"_links":{"self":[{"href":"https:\/\/promoalge.com.br\/index.php?rest_route=\/wp\/v2\/product\/5742","targetHints":{"allow":["GET"]}}],"collection":[{"href":"https:\/\/promoalge.com.br\/index.php?rest_route=\/wp\/v2\/product"}],"about":[{"href":"https:\/\/promoalge.com.br\/index.php?rest_route=\/wp\/v2\/types\/product"}],"wp:featuredmedia":[{"embeddable":true,"href":"https:\/\/promoalge.com.br\/index.php?rest_route=\/wp\/v2\/media\/5746"}],"wp:attachment":[{"href":"https:\/\/promoalge.com.br\/index.php?rest_route=%2Fwp%2Fv2%2Fmedia&parent=5742"}],"wp:term":[{"taxonomy":"product_brand","embeddable":true,"href":"https:\/\/promoalge.com.br\/index.php?rest_route=%2Fwp%2Fv2%2Fproduct_brand&post=5742"},{"taxonomy":"product_cat","embeddable":true,"href":"https:\/\/promoalge.com.br\/index.php?rest_route=%2Fwp%2Fv2%2Fproduct_cat&post=5742"},{"taxonomy":"product_tag","embeddable":true,"href":"https:\/\/promoalge.com.br\/index.php?rest_route=%2Fwp%2Fv2%2Fproduct_tag&post=5742"}],"curies":[{"name":"wp","href":"https:\/\/api.w.org\/{rel}","templated":true}]}}