{"id":5765,"date":"2020-09-18T18:10:50","date_gmt":"2020-09-18T21:10:50","guid":{"rendered":"http:\/\/promoalge.com.br\/?post_type=product&#038;p=5765"},"modified":"2020-09-18T18:29:27","modified_gmt":"2020-09-18T21:29:27","slug":"sacola-de-juta-pr92828","status":"publish","type":"product","link":"https:\/\/promoalge.com.br\/?product=sacola-de-juta-pr92828","title":{"rendered":"Sacola de Juta &#8211; PR92828"},"content":{"rendered":"","protected":false},"excerpt":{"rendered":"<p>Sacola produzida em juta gramatura 360 g\/m\u00b2 com laminado no interior, possui al\u00e7as webbing de 60 cm, medidas 445 x 385 x 165 mm. Grava\u00e7\u00e3o serigrafia em 1 cor.<\/p>\n","protected":false},"featured_media":5766,"template":"","meta":[],"product_brand":[],"product_cat":[79,321,410],"product_tag":[],"class_list":{"0":"post-5765","1":"product","2":"type-product","3":"status-publish","4":"has-post-thumbnail","6":"product_cat-bolsas-mochilas","7":"product_cat-linha-ecologica","8":"product_cat-eventos-pastas-pvc","10":"first","11":"instock","12":"shipping-taxable","13":"product-type-simple"},"_links":{"self":[{"href":"https:\/\/promoalge.com.br\/index.php?rest_route=\/wp\/v2\/product\/5765","targetHints":{"allow":["GET"]}}],"collection":[{"href":"https:\/\/promoalge.com.br\/index.php?rest_route=\/wp\/v2\/product"}],"about":[{"href":"https:\/\/promoalge.com.br\/index.php?rest_route=\/wp\/v2\/types\/product"}],"wp:featuredmedia":[{"embeddable":true,"href":"https:\/\/promoalge.com.br\/index.php?rest_route=\/wp\/v2\/media\/5766"}],"wp:attachment":[{"href":"https:\/\/promoalge.com.br\/index.php?rest_route=%2Fwp%2Fv2%2Fmedia&parent=5765"}],"wp:term":[{"taxonomy":"product_brand","embeddable":true,"href":"https:\/\/promoalge.com.br\/index.php?rest_route=%2Fwp%2Fv2%2Fproduct_brand&post=5765"},{"taxonomy":"product_cat","embeddable":true,"href":"https:\/\/promoalge.com.br\/index.php?rest_route=%2Fwp%2Fv2%2Fproduct_cat&post=5765"},{"taxonomy":"product_tag","embeddable":true,"href":"https:\/\/promoalge.com.br\/index.php?rest_route=%2Fwp%2Fv2%2Fproduct_tag&post=5765"}],"curies":[{"name":"wp","href":"https:\/\/api.w.org\/{rel}","templated":true}]}}