{"id":5819,"date":"2020-09-18T21:04:22","date_gmt":"2020-09-19T00:04:22","guid":{"rendered":"http:\/\/promoalge.com.br\/?post_type=product&#038;p=5819"},"modified":"2020-09-18T21:04:22","modified_gmt":"2020-09-19T00:04:22","slug":"sacola-em-algodao-pr92869","status":"publish","type":"product","link":"https:\/\/promoalge.com.br\/?product=sacola-em-algodao-pr92869","title":{"rendered":"Sacola em Algod\u00e3o &#8211; PR92869"},"content":{"rendered":"","protected":false},"excerpt":{"rendered":"<p>Sacola produzida em tecido 100% algod\u00e3o, gramatura 180 g\/m\u00b2, com bolso interior e al\u00e7as em corti\u00e7a de 60 cm, medidas 450 x 400 x 105 mm. Grava\u00e7\u00e3o serigrafia em 1 cor.<\/p>\n","protected":false},"featured_media":5820,"template":"","meta":[],"product_brand":[],"product_cat":[79,321,410],"product_tag":[],"class_list":{"0":"post-5819","1":"product","2":"type-product","3":"status-publish","4":"has-post-thumbnail","6":"product_cat-bolsas-mochilas","7":"product_cat-linha-ecologica","8":"product_cat-eventos-pastas-pvc","10":"first","11":"instock","12":"shipping-taxable","13":"product-type-simple"},"_links":{"self":[{"href":"https:\/\/promoalge.com.br\/index.php?rest_route=\/wp\/v2\/product\/5819","targetHints":{"allow":["GET"]}}],"collection":[{"href":"https:\/\/promoalge.com.br\/index.php?rest_route=\/wp\/v2\/product"}],"about":[{"href":"https:\/\/promoalge.com.br\/index.php?rest_route=\/wp\/v2\/types\/product"}],"wp:featuredmedia":[{"embeddable":true,"href":"https:\/\/promoalge.com.br\/index.php?rest_route=\/wp\/v2\/media\/5820"}],"wp:attachment":[{"href":"https:\/\/promoalge.com.br\/index.php?rest_route=%2Fwp%2Fv2%2Fmedia&parent=5819"}],"wp:term":[{"taxonomy":"product_brand","embeddable":true,"href":"https:\/\/promoalge.com.br\/index.php?rest_route=%2Fwp%2Fv2%2Fproduct_brand&post=5819"},{"taxonomy":"product_cat","embeddable":true,"href":"https:\/\/promoalge.com.br\/index.php?rest_route=%2Fwp%2Fv2%2Fproduct_cat&post=5819"},{"taxonomy":"product_tag","embeddable":true,"href":"https:\/\/promoalge.com.br\/index.php?rest_route=%2Fwp%2Fv2%2Fproduct_tag&post=5819"}],"curies":[{"name":"wp","href":"https:\/\/api.w.org\/{rel}","templated":true}]}}