{"id":5839,"date":"2020-09-18T21:43:36","date_gmt":"2020-09-19T00:43:36","guid":{"rendered":"http:\/\/promoalge.com.br\/?post_type=product&#038;p=5839"},"modified":"2021-04-27T17:35:01","modified_gmt":"2021-04-27T20:35:01","slug":"sacola-em-juta-pr92823","status":"publish","type":"product","link":"https:\/\/promoalge.com.br\/?product=sacola-em-juta-pr92823","title":{"rendered":"Sacola de Juta &#8211; PR92823"},"content":{"rendered":"","protected":false},"excerpt":{"rendered":"<p>Sacola produzida em Juta, gramatura 240 g\/m\u00b2, com bolso frontal 100% algod\u00e3o, gramatura 140 g\/m\u00b2, possui al\u00e7as de 65 cm, medidas 370 x 410 x 100 mm | Bolso frontal 370 x 270 mm. Grava\u00e7\u00e3o serigrafia em 1 cor.<\/p>\n","protected":false},"featured_media":5840,"template":"","meta":[],"product_brand":[],"product_cat":[79,321,410],"product_tag":[],"class_list":{"0":"post-5839","1":"product","2":"type-product","3":"status-publish","4":"has-post-thumbnail","6":"product_cat-bolsas-mochilas","7":"product_cat-linha-ecologica","8":"product_cat-eventos-pastas-pvc","10":"first","11":"instock","12":"shipping-taxable","13":"product-type-simple"},"_links":{"self":[{"href":"https:\/\/promoalge.com.br\/index.php?rest_route=\/wp\/v2\/product\/5839","targetHints":{"allow":["GET"]}}],"collection":[{"href":"https:\/\/promoalge.com.br\/index.php?rest_route=\/wp\/v2\/product"}],"about":[{"href":"https:\/\/promoalge.com.br\/index.php?rest_route=\/wp\/v2\/types\/product"}],"wp:featuredmedia":[{"embeddable":true,"href":"https:\/\/promoalge.com.br\/index.php?rest_route=\/wp\/v2\/media\/5840"}],"wp:attachment":[{"href":"https:\/\/promoalge.com.br\/index.php?rest_route=%2Fwp%2Fv2%2Fmedia&parent=5839"}],"wp:term":[{"taxonomy":"product_brand","embeddable":true,"href":"https:\/\/promoalge.com.br\/index.php?rest_route=%2Fwp%2Fv2%2Fproduct_brand&post=5839"},{"taxonomy":"product_cat","embeddable":true,"href":"https:\/\/promoalge.com.br\/index.php?rest_route=%2Fwp%2Fv2%2Fproduct_cat&post=5839"},{"taxonomy":"product_tag","embeddable":true,"href":"https:\/\/promoalge.com.br\/index.php?rest_route=%2Fwp%2Fv2%2Fproduct_tag&post=5839"}],"curies":[{"name":"wp","href":"https:\/\/api.w.org\/{rel}","templated":true}]}}