{"id":5849,"date":"2020-09-18T21:53:41","date_gmt":"2020-09-19T00:53:41","guid":{"rendered":"http:\/\/promoalge.com.br\/?post_type=product&#038;p=5849"},"modified":"2020-09-18T21:53:42","modified_gmt":"2020-09-19T00:53:42","slug":"sacola-dobravel-pr92915","status":"publish","type":"product","link":"https:\/\/promoalge.com.br\/?product=sacola-dobravel-pr92915","title":{"rendered":"Sacola Dobr\u00e1vel &#8211; PR92915"},"content":{"rendered":"","protected":false},"excerpt":{"rendered":"<p>Sacola dobr\u00e1vel produzida em nylon 210D, possui al\u00e7as de 70 cm e bolso interior, medidas: Dobrado: 112 x 145 x 20 mm | Aberto: 370 x 400 x 100 mm. Grava\u00e7\u00e3o serigrafia em 1 cor.<\/p>\n","protected":false},"featured_media":5850,"template":"","meta":[],"product_brand":[],"product_cat":[79,410],"product_tag":[],"class_list":{"0":"post-5849","1":"product","2":"type-product","3":"status-publish","4":"has-post-thumbnail","6":"product_cat-bolsas-mochilas","7":"product_cat-eventos-pastas-pvc","9":"first","10":"instock","11":"shipping-taxable","12":"product-type-simple"},"_links":{"self":[{"href":"https:\/\/promoalge.com.br\/index.php?rest_route=\/wp\/v2\/product\/5849","targetHints":{"allow":["GET"]}}],"collection":[{"href":"https:\/\/promoalge.com.br\/index.php?rest_route=\/wp\/v2\/product"}],"about":[{"href":"https:\/\/promoalge.com.br\/index.php?rest_route=\/wp\/v2\/types\/product"}],"wp:featuredmedia":[{"embeddable":true,"href":"https:\/\/promoalge.com.br\/index.php?rest_route=\/wp\/v2\/media\/5850"}],"wp:attachment":[{"href":"https:\/\/promoalge.com.br\/index.php?rest_route=%2Fwp%2Fv2%2Fmedia&parent=5849"}],"wp:term":[{"taxonomy":"product_brand","embeddable":true,"href":"https:\/\/promoalge.com.br\/index.php?rest_route=%2Fwp%2Fv2%2Fproduct_brand&post=5849"},{"taxonomy":"product_cat","embeddable":true,"href":"https:\/\/promoalge.com.br\/index.php?rest_route=%2Fwp%2Fv2%2Fproduct_cat&post=5849"},{"taxonomy":"product_tag","embeddable":true,"href":"https:\/\/promoalge.com.br\/index.php?rest_route=%2Fwp%2Fv2%2Fproduct_tag&post=5849"}],"curies":[{"name":"wp","href":"https:\/\/api.w.org\/{rel}","templated":true}]}}