{"id":5890,"date":"2020-09-20T16:49:57","date_gmt":"2020-09-20T19:49:57","guid":{"rendered":"http:\/\/promoalge.com.br\/?post_type=product&#038;p=5890"},"modified":"2020-09-20T16:49:58","modified_gmt":"2020-09-20T19:49:58","slug":"squeeze-540-ml-pr94064","status":"publish","type":"product","link":"https:\/\/promoalge.com.br\/?product=squeeze-540-ml-pr94064","title":{"rendered":"Squeeze 540 ml &#8211; PR94064"},"content":{"rendered":"","protected":false},"excerpt":{"rendered":"<p>Squeeze em A\u00e7o inox com tampa em bambu, capacidade: 540 ml, medidas \u00d868 x 192 mm. Grava\u00e7\u00e3o a laser.<\/p>\n","protected":false},"featured_media":5898,"template":"","meta":[],"product_brand":[],"product_cat":[237],"product_tag":[],"class_list":{"0":"post-5890","1":"product","2":"type-product","3":"status-publish","4":"has-post-thumbnail","6":"product_cat-metalicas","8":"first","9":"instock","10":"shipping-taxable","11":"product-type-simple"},"_links":{"self":[{"href":"https:\/\/promoalge.com.br\/index.php?rest_route=\/wp\/v2\/product\/5890","targetHints":{"allow":["GET"]}}],"collection":[{"href":"https:\/\/promoalge.com.br\/index.php?rest_route=\/wp\/v2\/product"}],"about":[{"href":"https:\/\/promoalge.com.br\/index.php?rest_route=\/wp\/v2\/types\/product"}],"wp:featuredmedia":[{"embeddable":true,"href":"https:\/\/promoalge.com.br\/index.php?rest_route=\/wp\/v2\/media\/5898"}],"wp:attachment":[{"href":"https:\/\/promoalge.com.br\/index.php?rest_route=%2Fwp%2Fv2%2Fmedia&parent=5890"}],"wp:term":[{"taxonomy":"product_brand","embeddable":true,"href":"https:\/\/promoalge.com.br\/index.php?rest_route=%2Fwp%2Fv2%2Fproduct_brand&post=5890"},{"taxonomy":"product_cat","embeddable":true,"href":"https:\/\/promoalge.com.br\/index.php?rest_route=%2Fwp%2Fv2%2Fproduct_cat&post=5890"},{"taxonomy":"product_tag","embeddable":true,"href":"https:\/\/promoalge.com.br\/index.php?rest_route=%2Fwp%2Fv2%2Fproduct_tag&post=5890"}],"curies":[{"name":"wp","href":"https:\/\/api.w.org\/{rel}","templated":true}]}}