{"id":5937,"date":"2020-10-08T12:08:57","date_gmt":"2020-10-08T15:08:57","guid":{"rendered":"http:\/\/promoalge.com.br\/?post_type=product&#038;p=5937"},"modified":"2020-10-08T12:08:57","modified_gmt":"2020-10-08T15:08:57","slug":"porta-cartao-pr93318","status":"publish","type":"product","link":"https:\/\/promoalge.com.br\/?product=porta-cartao-pr93318","title":{"rendered":"Porta Cart\u00e3o &#8211; PR93318"},"content":{"rendered":"","protected":false},"excerpt":{"rendered":"<p>Porta cart\u00f5es produzido em metal e sint\u00e9tico, medidas 93 x 67 x 19 mm. Grava\u00e7\u00e3o a laser.<\/p>\n","protected":false},"featured_media":5938,"template":"","meta":[],"product_brand":[],"product_cat":[353,409],"product_tag":[],"class_list":{"0":"post-5937","1":"product","2":"type-product","3":"status-publish","4":"has-post-thumbnail","6":"product_cat-diversos","7":"product_cat-escritorio","9":"first","10":"instock","11":"shipping-taxable","12":"product-type-simple"},"_links":{"self":[{"href":"https:\/\/promoalge.com.br\/index.php?rest_route=\/wp\/v2\/product\/5937","targetHints":{"allow":["GET"]}}],"collection":[{"href":"https:\/\/promoalge.com.br\/index.php?rest_route=\/wp\/v2\/product"}],"about":[{"href":"https:\/\/promoalge.com.br\/index.php?rest_route=\/wp\/v2\/types\/product"}],"wp:featuredmedia":[{"embeddable":true,"href":"https:\/\/promoalge.com.br\/index.php?rest_route=\/wp\/v2\/media\/5938"}],"wp:attachment":[{"href":"https:\/\/promoalge.com.br\/index.php?rest_route=%2Fwp%2Fv2%2Fmedia&parent=5937"}],"wp:term":[{"taxonomy":"product_brand","embeddable":true,"href":"https:\/\/promoalge.com.br\/index.php?rest_route=%2Fwp%2Fv2%2Fproduct_brand&post=5937"},{"taxonomy":"product_cat","embeddable":true,"href":"https:\/\/promoalge.com.br\/index.php?rest_route=%2Fwp%2Fv2%2Fproduct_cat&post=5937"},{"taxonomy":"product_tag","embeddable":true,"href":"https:\/\/promoalge.com.br\/index.php?rest_route=%2Fwp%2Fv2%2Fproduct_tag&post=5937"}],"curies":[{"name":"wp","href":"https:\/\/api.w.org\/{rel}","templated":true}]}}