{"id":5994,"date":"2020-10-08T16:42:12","date_gmt":"2020-10-08T19:42:12","guid":{"rendered":"http:\/\/promoalge.com.br\/?post_type=product&#038;p=5994"},"modified":"2020-10-08T16:42:13","modified_gmt":"2020-10-08T19:42:13","slug":"necessaire-pr92148","status":"publish","type":"product","link":"https:\/\/promoalge.com.br\/?product=necessaire-pr92148","title":{"rendered":"Necessaire &#8211; PR92148"},"content":{"rendered":"","protected":false},"excerpt":{"rendered":"<p>N\u00e9cessaire produzida em poli\u00e9ster 600D de alta densidade, possui v\u00e1rios bolsos interiores e gancho de pendurar, medidas 250 x 180 x 105 mm. Grava\u00e7\u00e3o serigrafia em 1 cor.<\/p>\n","protected":false},"featured_media":5995,"template":"","meta":[],"product_brand":[],"product_cat":[416],"product_tag":[],"class_list":{"0":"post-5994","1":"product","2":"type-product","3":"status-publish","4":"has-post-thumbnail","6":"product_cat-necessaire","8":"first","9":"instock","10":"shipping-taxable","11":"product-type-simple"},"_links":{"self":[{"href":"https:\/\/promoalge.com.br\/index.php?rest_route=\/wp\/v2\/product\/5994","targetHints":{"allow":["GET"]}}],"collection":[{"href":"https:\/\/promoalge.com.br\/index.php?rest_route=\/wp\/v2\/product"}],"about":[{"href":"https:\/\/promoalge.com.br\/index.php?rest_route=\/wp\/v2\/types\/product"}],"wp:featuredmedia":[{"embeddable":true,"href":"https:\/\/promoalge.com.br\/index.php?rest_route=\/wp\/v2\/media\/5995"}],"wp:attachment":[{"href":"https:\/\/promoalge.com.br\/index.php?rest_route=%2Fwp%2Fv2%2Fmedia&parent=5994"}],"wp:term":[{"taxonomy":"product_brand","embeddable":true,"href":"https:\/\/promoalge.com.br\/index.php?rest_route=%2Fwp%2Fv2%2Fproduct_brand&post=5994"},{"taxonomy":"product_cat","embeddable":true,"href":"https:\/\/promoalge.com.br\/index.php?rest_route=%2Fwp%2Fv2%2Fproduct_cat&post=5994"},{"taxonomy":"product_tag","embeddable":true,"href":"https:\/\/promoalge.com.br\/index.php?rest_route=%2Fwp%2Fv2%2Fproduct_tag&post=5994"}],"curies":[{"name":"wp","href":"https:\/\/api.w.org\/{rel}","templated":true}]}}