{"id":6009,"date":"2020-10-08T20:18:14","date_gmt":"2020-10-08T23:18:14","guid":{"rendered":"http:\/\/promoalge.com.br\/?post_type=product&#038;p=6009"},"modified":"2020-10-08T20:18:14","modified_gmt":"2020-10-08T23:18:14","slug":"conjunto-de-canudo-pr94057","status":"publish","type":"product","link":"https:\/\/promoalge.com.br\/?product=conjunto-de-canudo-pr94057","title":{"rendered":"Conjunto de Canudo &#8211; PR94057"},"content":{"rendered":"","protected":false},"excerpt":{"rendered":"<p>Conjunto de canudo e escova de limpeza produzido em a\u00e7o inox. Inclui 1 canudo telesc\u00f3pico, 1 escova de limpeza e estojo com mosquet\u00e3o.<br \/>\nMedidas:<br \/>\n* Canudo: \u00f89 x 218 mm<br \/>\n* Estojo: \u00f810 x 105 mm<\/p>\n<p>Grava\u00e7\u00e3o serigrafia em 1 cor no estojo.<\/p>\n","protected":false},"featured_media":6010,"template":"","meta":[],"product_brand":[],"product_cat":[237,251,353],"product_tag":[],"class_list":{"0":"post-6009","1":"product","2":"type-product","3":"status-publish","4":"has-post-thumbnail","6":"product_cat-metalicas","7":"product_cat-plastica-canecas-copos-garrafas","8":"product_cat-diversos","10":"first","11":"instock","12":"shipping-taxable","13":"product-type-simple"},"_links":{"self":[{"href":"https:\/\/promoalge.com.br\/index.php?rest_route=\/wp\/v2\/product\/6009","targetHints":{"allow":["GET"]}}],"collection":[{"href":"https:\/\/promoalge.com.br\/index.php?rest_route=\/wp\/v2\/product"}],"about":[{"href":"https:\/\/promoalge.com.br\/index.php?rest_route=\/wp\/v2\/types\/product"}],"wp:featuredmedia":[{"embeddable":true,"href":"https:\/\/promoalge.com.br\/index.php?rest_route=\/wp\/v2\/media\/6010"}],"wp:attachment":[{"href":"https:\/\/promoalge.com.br\/index.php?rest_route=%2Fwp%2Fv2%2Fmedia&parent=6009"}],"wp:term":[{"taxonomy":"product_brand","embeddable":true,"href":"https:\/\/promoalge.com.br\/index.php?rest_route=%2Fwp%2Fv2%2Fproduct_brand&post=6009"},{"taxonomy":"product_cat","embeddable":true,"href":"https:\/\/promoalge.com.br\/index.php?rest_route=%2Fwp%2Fv2%2Fproduct_cat&post=6009"},{"taxonomy":"product_tag","embeddable":true,"href":"https:\/\/promoalge.com.br\/index.php?rest_route=%2Fwp%2Fv2%2Fproduct_tag&post=6009"}],"curies":[{"name":"wp","href":"https:\/\/api.w.org\/{rel}","templated":true}]}}