{"id":6049,"date":"2020-10-09T11:59:27","date_gmt":"2020-10-09T14:59:27","guid":{"rendered":"http:\/\/promoalge.com.br\/?post_type=product&#038;p=6049"},"modified":"2020-10-09T11:59:27","modified_gmt":"2020-10-09T14:59:27","slug":"caneta-ecologica-de-bambu-pr81013","status":"publish","type":"product","link":"https:\/\/promoalge.com.br\/?product=caneta-ecologica-de-bambu-pr81013","title":{"rendered":"Caneta Ecol\u00f3gica de Bambu &#8211; PR81013"},"content":{"rendered":"","protected":false},"excerpt":{"rendered":"<p>Caneta esferogr\u00e1fica com corpo em bambu, possui 1,5 km de escrita e acabamentos com elementos em fibra de trigo e ABS, medidas \u00f811&#215;142 mm. Grava\u00e7\u00e3o a laser.<\/p>\n","protected":false},"featured_media":6050,"template":"","meta":[],"product_brand":[],"product_cat":[346,321],"product_tag":[],"class_list":{"0":"post-6049","1":"product","2":"type-product","3":"status-publish","4":"has-post-thumbnail","6":"product_cat-canetas-metalicas","7":"product_cat-linha-ecologica","9":"first","10":"instock","11":"shipping-taxable","12":"product-type-simple"},"_links":{"self":[{"href":"https:\/\/promoalge.com.br\/index.php?rest_route=\/wp\/v2\/product\/6049","targetHints":{"allow":["GET"]}}],"collection":[{"href":"https:\/\/promoalge.com.br\/index.php?rest_route=\/wp\/v2\/product"}],"about":[{"href":"https:\/\/promoalge.com.br\/index.php?rest_route=\/wp\/v2\/types\/product"}],"wp:featuredmedia":[{"embeddable":true,"href":"https:\/\/promoalge.com.br\/index.php?rest_route=\/wp\/v2\/media\/6050"}],"wp:attachment":[{"href":"https:\/\/promoalge.com.br\/index.php?rest_route=%2Fwp%2Fv2%2Fmedia&parent=6049"}],"wp:term":[{"taxonomy":"product_brand","embeddable":true,"href":"https:\/\/promoalge.com.br\/index.php?rest_route=%2Fwp%2Fv2%2Fproduct_brand&post=6049"},{"taxonomy":"product_cat","embeddable":true,"href":"https:\/\/promoalge.com.br\/index.php?rest_route=%2Fwp%2Fv2%2Fproduct_cat&post=6049"},{"taxonomy":"product_tag","embeddable":true,"href":"https:\/\/promoalge.com.br\/index.php?rest_route=%2Fwp%2Fv2%2Fproduct_tag&post=6049"}],"curies":[{"name":"wp","href":"https:\/\/api.w.org\/{rel}","templated":true}]}}