{"id":6071,"date":"2020-10-09T13:10:26","date_gmt":"2020-10-09T16:10:26","guid":{"rendered":"http:\/\/promoalge.com.br\/?post_type=product&#038;p=6071"},"modified":"2020-10-09T13:10:27","modified_gmt":"2020-10-09T16:10:27","slug":"sacola-de-praia-pr98424","status":"publish","type":"product","link":"https:\/\/promoalge.com.br\/?product=sacola-de-praia-pr98424","title":{"rendered":"Sacola de Praia &#8211; PR98424"},"content":{"rendered":"","protected":false},"excerpt":{"rendered":"<p>Sacola de praia produzida em poli\u00e9ster 600D, possui al\u00e7a de corda em algod\u00e3o, medidas 510 x 440 x 140 mm. Grava\u00e7\u00e3o serigrafia em 1 cor.<\/p>\n","protected":false},"featured_media":6076,"template":"","meta":[],"product_brand":[],"product_cat":[79,410,414],"product_tag":[],"class_list":{"0":"post-6071","1":"product","2":"type-product","3":"status-publish","4":"has-post-thumbnail","6":"product_cat-bolsas-mochilas","7":"product_cat-eventos-pastas-pvc","8":"product_cat-praia-verao","10":"first","11":"instock","12":"shipping-taxable","13":"product-type-simple"},"_links":{"self":[{"href":"https:\/\/promoalge.com.br\/index.php?rest_route=\/wp\/v2\/product\/6071","targetHints":{"allow":["GET"]}}],"collection":[{"href":"https:\/\/promoalge.com.br\/index.php?rest_route=\/wp\/v2\/product"}],"about":[{"href":"https:\/\/promoalge.com.br\/index.php?rest_route=\/wp\/v2\/types\/product"}],"wp:featuredmedia":[{"embeddable":true,"href":"https:\/\/promoalge.com.br\/index.php?rest_route=\/wp\/v2\/media\/6076"}],"wp:attachment":[{"href":"https:\/\/promoalge.com.br\/index.php?rest_route=%2Fwp%2Fv2%2Fmedia&parent=6071"}],"wp:term":[{"taxonomy":"product_brand","embeddable":true,"href":"https:\/\/promoalge.com.br\/index.php?rest_route=%2Fwp%2Fv2%2Fproduct_brand&post=6071"},{"taxonomy":"product_cat","embeddable":true,"href":"https:\/\/promoalge.com.br\/index.php?rest_route=%2Fwp%2Fv2%2Fproduct_cat&post=6071"},{"taxonomy":"product_tag","embeddable":true,"href":"https:\/\/promoalge.com.br\/index.php?rest_route=%2Fwp%2Fv2%2Fproduct_tag&post=6071"}],"curies":[{"name":"wp","href":"https:\/\/api.w.org\/{rel}","templated":true}]}}