{"id":6086,"date":"2020-10-09T13:25:12","date_gmt":"2020-10-09T16:25:12","guid":{"rendered":"http:\/\/promoalge.com.br\/?post_type=product&#038;p=6086"},"modified":"2020-10-09T13:25:12","modified_gmt":"2020-10-09T16:25:12","slug":"mochila-esportiva-pr92628","status":"publish","type":"product","link":"https:\/\/promoalge.com.br\/?product=mochila-esportiva-pr92628","title":{"rendered":"Mochila Esportiva &#8211; PR92628"},"content":{"rendered":"","protected":false},"excerpt":{"rendered":"<p>Mochila esportiva produzida em poli\u00e9ster 420D, possui compartimento principal forrado, bolso frontal com z\u00edper, al\u00e7as almofadadas e reservat\u00f3rio de \u00e1gua: at\u00e9 2 L, elementos refletores, medidas 265 x 410 x 55 mm. Grava\u00e7\u00e3o serigrafia em 1 cor.<\/p>\n","protected":false},"featured_media":6092,"template":"","meta":[],"product_brand":[],"product_cat":[79,353],"product_tag":[],"class_list":{"0":"post-6086","1":"product","2":"type-product","3":"status-publish","4":"has-post-thumbnail","6":"product_cat-bolsas-mochilas","7":"product_cat-diversos","9":"first","10":"instock","11":"shipping-taxable","12":"product-type-simple"},"_links":{"self":[{"href":"https:\/\/promoalge.com.br\/index.php?rest_route=\/wp\/v2\/product\/6086","targetHints":{"allow":["GET"]}}],"collection":[{"href":"https:\/\/promoalge.com.br\/index.php?rest_route=\/wp\/v2\/product"}],"about":[{"href":"https:\/\/promoalge.com.br\/index.php?rest_route=\/wp\/v2\/types\/product"}],"wp:featuredmedia":[{"embeddable":true,"href":"https:\/\/promoalge.com.br\/index.php?rest_route=\/wp\/v2\/media\/6092"}],"wp:attachment":[{"href":"https:\/\/promoalge.com.br\/index.php?rest_route=%2Fwp%2Fv2%2Fmedia&parent=6086"}],"wp:term":[{"taxonomy":"product_brand","embeddable":true,"href":"https:\/\/promoalge.com.br\/index.php?rest_route=%2Fwp%2Fv2%2Fproduct_brand&post=6086"},{"taxonomy":"product_cat","embeddable":true,"href":"https:\/\/promoalge.com.br\/index.php?rest_route=%2Fwp%2Fv2%2Fproduct_cat&post=6086"},{"taxonomy":"product_tag","embeddable":true,"href":"https:\/\/promoalge.com.br\/index.php?rest_route=%2Fwp%2Fv2%2Fproduct_tag&post=6086"}],"curies":[{"name":"wp","href":"https:\/\/api.w.org\/{rel}","templated":true}]}}