{"id":6122,"date":"2020-10-20T23:51:30","date_gmt":"2020-10-21T02:51:30","guid":{"rendered":"http:\/\/promoalge.com.br\/?post_type=product&#038;p=6122"},"modified":"2020-10-20T23:51:31","modified_gmt":"2020-10-21T02:51:31","slug":"kit-caneta-chaveiro-pr93324","status":"publish","type":"product","link":"https:\/\/promoalge.com.br\/?product=kit-caneta-chaveiro-pr93324","title":{"rendered":"Kit Caneta &#038; Chaveiro &#8211; PR93324"},"content":{"rendered":"","protected":false},"excerpt":{"rendered":"<p>Kit caneta esferogr\u00e1fica e chaveiro, esferogr\u00e1fica NATURA em corti\u00e7a e alum\u00ednio, com 1,5 km de escrita, chaveiro em corti\u00e7a e metal, incluso embalagem caixa kraft, medidas caneta \u00f89 x 139 mm | Chaviro: 24 x 47 x 3 mm | Caixa: 162 x 83 x 17 mm. Grava\u00e7\u00e3o serigrafia na caneta e chaveiro.<\/p>\n","protected":false},"featured_media":6123,"template":"","meta":[],"product_brand":[],"product_cat":[407,321],"product_tag":[],"class_list":{"0":"post-6122","1":"product","2":"type-product","3":"status-publish","4":"has-post-thumbnail","6":"product_cat-conjuntos","7":"product_cat-linha-ecologica","9":"first","10":"instock","11":"shipping-taxable","12":"product-type-simple"},"_links":{"self":[{"href":"https:\/\/promoalge.com.br\/index.php?rest_route=\/wp\/v2\/product\/6122","targetHints":{"allow":["GET"]}}],"collection":[{"href":"https:\/\/promoalge.com.br\/index.php?rest_route=\/wp\/v2\/product"}],"about":[{"href":"https:\/\/promoalge.com.br\/index.php?rest_route=\/wp\/v2\/types\/product"}],"wp:featuredmedia":[{"embeddable":true,"href":"https:\/\/promoalge.com.br\/index.php?rest_route=\/wp\/v2\/media\/6123"}],"wp:attachment":[{"href":"https:\/\/promoalge.com.br\/index.php?rest_route=%2Fwp%2Fv2%2Fmedia&parent=6122"}],"wp:term":[{"taxonomy":"product_brand","embeddable":true,"href":"https:\/\/promoalge.com.br\/index.php?rest_route=%2Fwp%2Fv2%2Fproduct_brand&post=6122"},{"taxonomy":"product_cat","embeddable":true,"href":"https:\/\/promoalge.com.br\/index.php?rest_route=%2Fwp%2Fv2%2Fproduct_cat&post=6122"},{"taxonomy":"product_tag","embeddable":true,"href":"https:\/\/promoalge.com.br\/index.php?rest_route=%2Fwp%2Fv2%2Fproduct_tag&post=6122"}],"curies":[{"name":"wp","href":"https:\/\/api.w.org\/{rel}","templated":true}]}}