{"id":6148,"date":"2020-10-28T16:42:57","date_gmt":"2020-10-28T19:42:57","guid":{"rendered":"http:\/\/promoalge.com.br\/?post_type=product&#038;p=6148"},"modified":"2020-10-28T16:42:58","modified_gmt":"2020-10-28T19:42:58","slug":"bracadeira-para-celular-pr97206","status":"publish","type":"product","link":"https:\/\/promoalge.com.br\/?product=bracadeira-para-celular-pr97206","title":{"rendered":"Bra\u00e7adeira para Celular &#8211; PR97206"},"content":{"rendered":"","protected":false},"excerpt":{"rendered":"<p>Bra\u00e7adeira para celular, com elementos refletivos e fecho ajust\u00e1vel para smartphone 5&#8221;, medidas 430 x 150 mm. Grava\u00e7\u00e3o serigrafia em 1 cor.<\/p>\n","protected":false},"featured_media":6150,"template":"","meta":[],"product_brand":[],"product_cat":[353,417],"product_tag":[],"class_list":{"0":"post-6148","1":"product","2":"type-product","3":"status-publish","4":"has-post-thumbnail","6":"product_cat-diversos","7":"product_cat-pendrive-tecnologia","9":"first","10":"instock","11":"shipping-taxable","12":"product-type-simple"},"_links":{"self":[{"href":"https:\/\/promoalge.com.br\/index.php?rest_route=\/wp\/v2\/product\/6148","targetHints":{"allow":["GET"]}}],"collection":[{"href":"https:\/\/promoalge.com.br\/index.php?rest_route=\/wp\/v2\/product"}],"about":[{"href":"https:\/\/promoalge.com.br\/index.php?rest_route=\/wp\/v2\/types\/product"}],"wp:featuredmedia":[{"embeddable":true,"href":"https:\/\/promoalge.com.br\/index.php?rest_route=\/wp\/v2\/media\/6150"}],"wp:attachment":[{"href":"https:\/\/promoalge.com.br\/index.php?rest_route=%2Fwp%2Fv2%2Fmedia&parent=6148"}],"wp:term":[{"taxonomy":"product_brand","embeddable":true,"href":"https:\/\/promoalge.com.br\/index.php?rest_route=%2Fwp%2Fv2%2Fproduct_brand&post=6148"},{"taxonomy":"product_cat","embeddable":true,"href":"https:\/\/promoalge.com.br\/index.php?rest_route=%2Fwp%2Fv2%2Fproduct_cat&post=6148"},{"taxonomy":"product_tag","embeddable":true,"href":"https:\/\/promoalge.com.br\/index.php?rest_route=%2Fwp%2Fv2%2Fproduct_tag&post=6148"}],"curies":[{"name":"wp","href":"https:\/\/api.w.org\/{rel}","templated":true}]}}