{"id":6189,"date":"2020-11-12T21:11:36","date_gmt":"2020-11-13T00:11:36","guid":{"rendered":"http:\/\/promoalge.com.br\/?post_type=product&#038;p=6189"},"modified":"2025-08-12T16:54:18","modified_gmt":"2025-08-12T19:54:18","slug":"garrafa-termica-500-ml-prgf50l","status":"publish","type":"product","link":"https:\/\/promoalge.com.br\/?product=garrafa-termica-500-ml-prgf50l","title":{"rendered":"Garrafa T\u00e9rmica 500 ml &#8211; PRGF50L"},"content":{"rendered":"","protected":false},"excerpt":{"rendered":"<p>Garrafa t\u00e9rmica 500 ml em inox de alta qualidade com parede dupla, possui tampa rosque\u00e1vel com detalhe superior em relevo, pode ser utilizada com l\u00edquidos quentes ou frios. Observa\u00e7\u00e3o: n\u00e3o colocar no fog\u00e3o ou micro-ondas. Grava\u00e7\u00e3o a laser.<\/p>\n","protected":false},"featured_media":6191,"template":"","meta":[],"product_brand":[],"product_cat":[237],"product_tag":[],"class_list":{"0":"post-6189","1":"product","2":"type-product","3":"status-publish","4":"has-post-thumbnail","6":"product_cat-metalicas","8":"first","9":"instock","10":"shipping-taxable","11":"product-type-simple"},"_links":{"self":[{"href":"https:\/\/promoalge.com.br\/index.php?rest_route=\/wp\/v2\/product\/6189","targetHints":{"allow":["GET"]}}],"collection":[{"href":"https:\/\/promoalge.com.br\/index.php?rest_route=\/wp\/v2\/product"}],"about":[{"href":"https:\/\/promoalge.com.br\/index.php?rest_route=\/wp\/v2\/types\/product"}],"wp:featuredmedia":[{"embeddable":true,"href":"https:\/\/promoalge.com.br\/index.php?rest_route=\/wp\/v2\/media\/6191"}],"wp:attachment":[{"href":"https:\/\/promoalge.com.br\/index.php?rest_route=%2Fwp%2Fv2%2Fmedia&parent=6189"}],"wp:term":[{"taxonomy":"product_brand","embeddable":true,"href":"https:\/\/promoalge.com.br\/index.php?rest_route=%2Fwp%2Fv2%2Fproduct_brand&post=6189"},{"taxonomy":"product_cat","embeddable":true,"href":"https:\/\/promoalge.com.br\/index.php?rest_route=%2Fwp%2Fv2%2Fproduct_cat&post=6189"},{"taxonomy":"product_tag","embeddable":true,"href":"https:\/\/promoalge.com.br\/index.php?rest_route=%2Fwp%2Fv2%2Fproduct_tag&post=6189"}],"curies":[{"name":"wp","href":"https:\/\/api.w.org\/{rel}","templated":true}]}}