{"id":6238,"date":"2020-11-21T11:31:17","date_gmt":"2020-11-21T14:31:17","guid":{"rendered":"http:\/\/promoalge.com.br\/?post_type=product&#038;p=6238"},"modified":"2020-11-21T11:31:17","modified_gmt":"2020-11-21T14:31:17","slug":"bolsa-termica-69-litros-mpt241816","status":"publish","type":"product","link":"https:\/\/promoalge.com.br\/?product=bolsa-termica-69-litros-mpt241816","title":{"rendered":"Bolsa T\u00e9rmica 6,9 litros &#8211; MPT241816"},"content":{"rendered":"","protected":false},"excerpt":{"rendered":"<p>Bolsa T\u00e9rmica com Al\u00e7a de M\u00e3o &#8211; 6,9 litros produzida em PVC BRL 020 Colorido (dispon\u00edvel em cores b\u00e1sicas), Forro em PVC Sarja 015 Branca, Espumapack 4mm, Al\u00e7a de Polipropileno 30mm, Rebite Niquelado com Refor\u00e7o, Ziper de Nylon, Cursor Niquelado, Medidas 24cm largura x 18cm altura x 16cm profundidade. Grava\u00e7\u00e3o serigrafia em 1 cor.<\/p>\n","protected":false},"featured_media":6239,"template":"","meta":[],"product_brand":[],"product_cat":[79,414],"product_tag":[],"class_list":{"0":"post-6238","1":"product","2":"type-product","3":"status-publish","4":"has-post-thumbnail","6":"product_cat-bolsas-mochilas","7":"product_cat-praia-verao","9":"first","10":"instock","11":"shipping-taxable","12":"product-type-simple"},"_links":{"self":[{"href":"https:\/\/promoalge.com.br\/index.php?rest_route=\/wp\/v2\/product\/6238","targetHints":{"allow":["GET"]}}],"collection":[{"href":"https:\/\/promoalge.com.br\/index.php?rest_route=\/wp\/v2\/product"}],"about":[{"href":"https:\/\/promoalge.com.br\/index.php?rest_route=\/wp\/v2\/types\/product"}],"wp:featuredmedia":[{"embeddable":true,"href":"https:\/\/promoalge.com.br\/index.php?rest_route=\/wp\/v2\/media\/6239"}],"wp:attachment":[{"href":"https:\/\/promoalge.com.br\/index.php?rest_route=%2Fwp%2Fv2%2Fmedia&parent=6238"}],"wp:term":[{"taxonomy":"product_brand","embeddable":true,"href":"https:\/\/promoalge.com.br\/index.php?rest_route=%2Fwp%2Fv2%2Fproduct_brand&post=6238"},{"taxonomy":"product_cat","embeddable":true,"href":"https:\/\/promoalge.com.br\/index.php?rest_route=%2Fwp%2Fv2%2Fproduct_cat&post=6238"},{"taxonomy":"product_tag","embeddable":true,"href":"https:\/\/promoalge.com.br\/index.php?rest_route=%2Fwp%2Fv2%2Fproduct_tag&post=6238"}],"curies":[{"name":"wp","href":"https:\/\/api.w.org\/{rel}","templated":true}]}}