{"id":6242,"date":"2021-01-12T10:40:44","date_gmt":"2021-01-12T13:40:44","guid":{"rendered":"http:\/\/promoalge.com.br\/?post_type=product&#038;p=6242"},"modified":"2021-01-12T10:40:44","modified_gmt":"2021-01-12T13:40:44","slug":"chaveiro-coracao-pr93159","status":"publish","type":"product","link":"https:\/\/promoalge.com.br\/?product=chaveiro-coracao-pr93159","title":{"rendered":"Chaveiro Cora\u00e7\u00e3o &#8211; PR93159"},"content":{"rendered":"","protected":false},"excerpt":{"rendered":"<p>Chaveiro formato de cora\u00e7\u00e3o em alum\u00ednio, medidas 36 x 34 x 2 mm. Grava\u00e7\u00e3o a laser.<\/p>\n<ul>\n<li>M\u00ednimo 100 Unidades.<\/li>\n<\/ul>\n<p>&nbsp;<\/p>\n","protected":false},"featured_media":6244,"template":"","meta":[],"product_brand":[],"product_cat":[406],"product_tag":[],"class_list":{"0":"post-6242","1":"product","2":"type-product","3":"status-publish","4":"has-post-thumbnail","6":"product_cat-chaveiros","8":"first","9":"instock","10":"shipping-taxable","11":"product-type-simple"},"_links":{"self":[{"href":"https:\/\/promoalge.com.br\/index.php?rest_route=\/wp\/v2\/product\/6242","targetHints":{"allow":["GET"]}}],"collection":[{"href":"https:\/\/promoalge.com.br\/index.php?rest_route=\/wp\/v2\/product"}],"about":[{"href":"https:\/\/promoalge.com.br\/index.php?rest_route=\/wp\/v2\/types\/product"}],"wp:featuredmedia":[{"embeddable":true,"href":"https:\/\/promoalge.com.br\/index.php?rest_route=\/wp\/v2\/media\/6244"}],"wp:attachment":[{"href":"https:\/\/promoalge.com.br\/index.php?rest_route=%2Fwp%2Fv2%2Fmedia&parent=6242"}],"wp:term":[{"taxonomy":"product_brand","embeddable":true,"href":"https:\/\/promoalge.com.br\/index.php?rest_route=%2Fwp%2Fv2%2Fproduct_brand&post=6242"},{"taxonomy":"product_cat","embeddable":true,"href":"https:\/\/promoalge.com.br\/index.php?rest_route=%2Fwp%2Fv2%2Fproduct_cat&post=6242"},{"taxonomy":"product_tag","embeddable":true,"href":"https:\/\/promoalge.com.br\/index.php?rest_route=%2Fwp%2Fv2%2Fproduct_tag&post=6242"}],"curies":[{"name":"wp","href":"https:\/\/api.w.org\/{rel}","templated":true}]}}