{"id":6257,"date":"2021-01-12T11:09:26","date_gmt":"2021-01-12T14:09:26","guid":{"rendered":"http:\/\/promoalge.com.br\/?post_type=product&#038;p=6257"},"modified":"2021-01-12T11:09:27","modified_gmt":"2021-01-12T14:09:27","slug":"porta-cartao-pr94446","status":"publish","type":"product","link":"https:\/\/promoalge.com.br\/?product=porta-cartao-pr94446","title":{"rendered":"Porta Cart\u00e3o &#8211; PR94446"},"content":{"rendered":"","protected":false},"excerpt":{"rendered":"<p>Porta cart\u00f5es produzido em silicone, possui cord\u00e3o e suporte para celular, medidas porta-cart\u00f5es: 57 x 86 x 4 mm, medidas cord\u00e3o: 420 mm. Grava\u00e7\u00e3o serigrafia em 1 cor.<\/p>\n<ul>\n<li>M\u00ednimo 100 Unidades.<\/li>\n<\/ul>\n","protected":false},"featured_media":6274,"template":"","meta":[],"product_brand":[],"product_cat":[353,417],"product_tag":[],"class_list":{"0":"post-6257","1":"product","2":"type-product","3":"status-publish","4":"has-post-thumbnail","6":"product_cat-diversos","7":"product_cat-pendrive-tecnologia","9":"first","10":"instock","11":"shipping-taxable","12":"product-type-simple"},"_links":{"self":[{"href":"https:\/\/promoalge.com.br\/index.php?rest_route=\/wp\/v2\/product\/6257","targetHints":{"allow":["GET"]}}],"collection":[{"href":"https:\/\/promoalge.com.br\/index.php?rest_route=\/wp\/v2\/product"}],"about":[{"href":"https:\/\/promoalge.com.br\/index.php?rest_route=\/wp\/v2\/types\/product"}],"wp:featuredmedia":[{"embeddable":true,"href":"https:\/\/promoalge.com.br\/index.php?rest_route=\/wp\/v2\/media\/6274"}],"wp:attachment":[{"href":"https:\/\/promoalge.com.br\/index.php?rest_route=%2Fwp%2Fv2%2Fmedia&parent=6257"}],"wp:term":[{"taxonomy":"product_brand","embeddable":true,"href":"https:\/\/promoalge.com.br\/index.php?rest_route=%2Fwp%2Fv2%2Fproduct_brand&post=6257"},{"taxonomy":"product_cat","embeddable":true,"href":"https:\/\/promoalge.com.br\/index.php?rest_route=%2Fwp%2Fv2%2Fproduct_cat&post=6257"},{"taxonomy":"product_tag","embeddable":true,"href":"https:\/\/promoalge.com.br\/index.php?rest_route=%2Fwp%2Fv2%2Fproduct_tag&post=6257"}],"curies":[{"name":"wp","href":"https:\/\/api.w.org\/{rel}","templated":true}]}}