{"id":6275,"date":"2021-01-12T15:06:32","date_gmt":"2021-01-12T18:06:32","guid":{"rendered":"http:\/\/promoalge.com.br\/?post_type=product&#038;p=6275"},"modified":"2021-01-12T15:06:34","modified_gmt":"2021-01-12T18:06:34","slug":"caneta-metalica-pr81190","status":"publish","type":"product","link":"https:\/\/promoalge.com.br\/?product=caneta-metalica-pr81190","title":{"rendered":"Caneta Met\u00e1lica &#8211; PR81190"},"content":{"rendered":"","protected":false},"excerpt":{"rendered":"<p>Caneta esferogr\u00e1fica com corpo met\u00e1lico, grava\u00e7\u00e3o a laser.<\/p>\n<ul>\n<li>M\u00ednimo 100 Unidades<\/li>\n<\/ul>\n","protected":false},"featured_media":6276,"template":"","meta":[],"product_brand":[],"product_cat":[346],"product_tag":[],"class_list":{"0":"post-6275","1":"product","2":"type-product","3":"status-publish","4":"has-post-thumbnail","6":"product_cat-canetas-metalicas","8":"first","9":"instock","10":"shipping-taxable","11":"product-type-simple"},"_links":{"self":[{"href":"https:\/\/promoalge.com.br\/index.php?rest_route=\/wp\/v2\/product\/6275","targetHints":{"allow":["GET"]}}],"collection":[{"href":"https:\/\/promoalge.com.br\/index.php?rest_route=\/wp\/v2\/product"}],"about":[{"href":"https:\/\/promoalge.com.br\/index.php?rest_route=\/wp\/v2\/types\/product"}],"wp:featuredmedia":[{"embeddable":true,"href":"https:\/\/promoalge.com.br\/index.php?rest_route=\/wp\/v2\/media\/6276"}],"wp:attachment":[{"href":"https:\/\/promoalge.com.br\/index.php?rest_route=%2Fwp%2Fv2%2Fmedia&parent=6275"}],"wp:term":[{"taxonomy":"product_brand","embeddable":true,"href":"https:\/\/promoalge.com.br\/index.php?rest_route=%2Fwp%2Fv2%2Fproduct_brand&post=6275"},{"taxonomy":"product_cat","embeddable":true,"href":"https:\/\/promoalge.com.br\/index.php?rest_route=%2Fwp%2Fv2%2Fproduct_cat&post=6275"},{"taxonomy":"product_tag","embeddable":true,"href":"https:\/\/promoalge.com.br\/index.php?rest_route=%2Fwp%2Fv2%2Fproduct_tag&post=6275"}],"curies":[{"name":"wp","href":"https:\/\/api.w.org\/{rel}","templated":true}]}}