{"id":6291,"date":"2021-01-15T18:31:41","date_gmt":"2021-01-15T21:31:41","guid":{"rendered":"http:\/\/promoalge.com.br\/?post_type=product&#038;p=6291"},"modified":"2021-01-15T18:37:06","modified_gmt":"2021-01-15T21:37:06","slug":"guarda-chuva-pr99135","status":"publish","type":"product","link":"https:\/\/promoalge.com.br\/?product=guarda-chuva-pr99135","title":{"rendered":"Guarda Chuva &#8211; PR99135"},"content":{"rendered":"","protected":false},"excerpt":{"rendered":"<p>Guarda-chuva dobr\u00e1vel cobertura em poli\u00e9ster 190T, dobr\u00e1vel em 3 sec\u00e7\u00f5es. com di\u00e2metro de \u00f8960 mm, Fornecido com capa. Grava\u00e7\u00e3o serigrafia em 1 cor em 4 gomos.<\/p>\n<ul>\n<li>M\u00ednimo 50 Unidades.<\/li>\n<\/ul>\n","protected":false},"featured_media":6305,"template":"","meta":[],"product_brand":[],"product_cat":[353,414],"product_tag":[],"class_list":{"0":"post-6291","1":"product","2":"type-product","3":"status-publish","4":"has-post-thumbnail","6":"product_cat-diversos","7":"product_cat-praia-verao","9":"first","10":"instock","11":"shipping-taxable","12":"product-type-simple"},"_links":{"self":[{"href":"https:\/\/promoalge.com.br\/index.php?rest_route=\/wp\/v2\/product\/6291","targetHints":{"allow":["GET"]}}],"collection":[{"href":"https:\/\/promoalge.com.br\/index.php?rest_route=\/wp\/v2\/product"}],"about":[{"href":"https:\/\/promoalge.com.br\/index.php?rest_route=\/wp\/v2\/types\/product"}],"wp:featuredmedia":[{"embeddable":true,"href":"https:\/\/promoalge.com.br\/index.php?rest_route=\/wp\/v2\/media\/6305"}],"wp:attachment":[{"href":"https:\/\/promoalge.com.br\/index.php?rest_route=%2Fwp%2Fv2%2Fmedia&parent=6291"}],"wp:term":[{"taxonomy":"product_brand","embeddable":true,"href":"https:\/\/promoalge.com.br\/index.php?rest_route=%2Fwp%2Fv2%2Fproduct_brand&post=6291"},{"taxonomy":"product_cat","embeddable":true,"href":"https:\/\/promoalge.com.br\/index.php?rest_route=%2Fwp%2Fv2%2Fproduct_cat&post=6291"},{"taxonomy":"product_tag","embeddable":true,"href":"https:\/\/promoalge.com.br\/index.php?rest_route=%2Fwp%2Fv2%2Fproduct_tag&post=6291"}],"curies":[{"name":"wp","href":"https:\/\/api.w.org\/{rel}","templated":true}]}}