{"id":6307,"date":"2021-01-25T12:27:32","date_gmt":"2021-01-25T15:27:32","guid":{"rendered":"http:\/\/promoalge.com.br\/?post_type=product&#038;p=6307"},"modified":"2021-01-25T12:27:33","modified_gmt":"2021-01-25T15:27:33","slug":"garrafa-em-inox-500-ml-pr94063","status":"publish","type":"product","link":"https:\/\/promoalge.com.br\/?product=garrafa-em-inox-500-ml-pr94063","title":{"rendered":"Garrafa em Inox 500 ml &#8211; PR94063"},"content":{"rendered":"","protected":false},"excerpt":{"rendered":"<p>Squeeze em alum\u00ednio com tampa em a\u00e7o inox, capacidade: 500 ml, medidas 20,5 x 6,7 cm. Grava\u00e7\u00e3o a laser.<\/p>\n<p>&nbsp;<\/p>\n<ul>\n<li>M\u00ednimo 50 Unidades.<\/li>\n<\/ul>\n","protected":false},"featured_media":6319,"template":"","meta":[],"product_brand":[],"product_cat":[237],"product_tag":[],"class_list":{"0":"post-6307","1":"product","2":"type-product","3":"status-publish","4":"has-post-thumbnail","6":"product_cat-metalicas","8":"first","9":"instock","10":"shipping-taxable","11":"product-type-simple"},"_links":{"self":[{"href":"https:\/\/promoalge.com.br\/index.php?rest_route=\/wp\/v2\/product\/6307","targetHints":{"allow":["GET"]}}],"collection":[{"href":"https:\/\/promoalge.com.br\/index.php?rest_route=\/wp\/v2\/product"}],"about":[{"href":"https:\/\/promoalge.com.br\/index.php?rest_route=\/wp\/v2\/types\/product"}],"wp:featuredmedia":[{"embeddable":true,"href":"https:\/\/promoalge.com.br\/index.php?rest_route=\/wp\/v2\/media\/6319"}],"wp:attachment":[{"href":"https:\/\/promoalge.com.br\/index.php?rest_route=%2Fwp%2Fv2%2Fmedia&parent=6307"}],"wp:term":[{"taxonomy":"product_brand","embeddable":true,"href":"https:\/\/promoalge.com.br\/index.php?rest_route=%2Fwp%2Fv2%2Fproduct_brand&post=6307"},{"taxonomy":"product_cat","embeddable":true,"href":"https:\/\/promoalge.com.br\/index.php?rest_route=%2Fwp%2Fv2%2Fproduct_cat&post=6307"},{"taxonomy":"product_tag","embeddable":true,"href":"https:\/\/promoalge.com.br\/index.php?rest_route=%2Fwp%2Fv2%2Fproduct_tag&post=6307"}],"curies":[{"name":"wp","href":"https:\/\/api.w.org\/{rel}","templated":true}]}}