{"id":6320,"date":"2021-01-27T11:22:57","date_gmt":"2021-01-27T14:22:57","guid":{"rendered":"http:\/\/promoalge.com.br\/?post_type=product&#038;p=6320"},"modified":"2021-05-19T11:08:38","modified_gmt":"2021-05-19T14:08:38","slug":"mouse-pad-ergonomico-mpdesp","status":"publish","type":"product","link":"https:\/\/promoalge.com.br\/?product=mouse-pad-ergonomico-mpdesp","title":{"rendered":"Mouse Pad Ergon\u00f4mico &#8211; MPDESP"},"content":{"rendered":"","protected":false},"excerpt":{"rendered":"<p>Mouse pad produzido em tecido especial anti al\u00e9rgico semi lycra Material da base injetada em l\u00e1tex + espuma P.U com 4mm Material do apoio para o pulso injetado em l\u00e1tex + espuma, medidas 23&#215;20 cm. Impress\u00e3o em cromia.<\/p>\n<ul>\n<li>M\u00ednimo 100 unidades.<\/li>\n<\/ul>\n","protected":false},"featured_media":6323,"template":"","meta":[],"product_brand":[],"product_cat":[353,409],"product_tag":[],"class_list":{"0":"post-6320","1":"product","2":"type-product","3":"status-publish","4":"has-post-thumbnail","6":"product_cat-diversos","7":"product_cat-escritorio","9":"first","10":"instock","11":"shipping-taxable","12":"product-type-simple"},"_links":{"self":[{"href":"https:\/\/promoalge.com.br\/index.php?rest_route=\/wp\/v2\/product\/6320","targetHints":{"allow":["GET"]}}],"collection":[{"href":"https:\/\/promoalge.com.br\/index.php?rest_route=\/wp\/v2\/product"}],"about":[{"href":"https:\/\/promoalge.com.br\/index.php?rest_route=\/wp\/v2\/types\/product"}],"wp:featuredmedia":[{"embeddable":true,"href":"https:\/\/promoalge.com.br\/index.php?rest_route=\/wp\/v2\/media\/6323"}],"wp:attachment":[{"href":"https:\/\/promoalge.com.br\/index.php?rest_route=%2Fwp%2Fv2%2Fmedia&parent=6320"}],"wp:term":[{"taxonomy":"product_brand","embeddable":true,"href":"https:\/\/promoalge.com.br\/index.php?rest_route=%2Fwp%2Fv2%2Fproduct_brand&post=6320"},{"taxonomy":"product_cat","embeddable":true,"href":"https:\/\/promoalge.com.br\/index.php?rest_route=%2Fwp%2Fv2%2Fproduct_cat&post=6320"},{"taxonomy":"product_tag","embeddable":true,"href":"https:\/\/promoalge.com.br\/index.php?rest_route=%2Fwp%2Fv2%2Fproduct_tag&post=6320"}],"curies":[{"name":"wp","href":"https:\/\/api.w.org\/{rel}","templated":true}]}}