{"id":6337,"date":"2021-02-01T18:02:16","date_gmt":"2021-02-01T21:02:16","guid":{"rendered":"http:\/\/promoalge.com.br\/?post_type=product&#038;p=6337"},"modified":"2024-06-20T14:26:29","modified_gmt":"2024-06-20T17:26:29","slug":"porta-cartao-pr13643","status":"publish","type":"product","link":"https:\/\/promoalge.com.br\/?product=porta-cartao-pr13643","title":{"rendered":"Porta Cart\u00e3o &#8211; PR13643"},"content":{"rendered":"","protected":false},"excerpt":{"rendered":"<p>Porta cart\u00e3o em couro sint\u00e9tico com quatro divis\u00f3rias em diagonal, medidas 7,5 cm x 10,4 cm. Grava\u00e7\u00e3o baixo relevo.<\/p>\n<ul>\n<li>M\u00ednimo 100 unidades.<\/li>\n<\/ul>\n","protected":false},"featured_media":6338,"template":"","meta":[],"product_brand":[],"product_cat":[408,353,409],"product_tag":[],"class_list":{"0":"post-6337","1":"product","2":"type-product","3":"status-publish","4":"has-post-thumbnail","6":"product_cat-couro","7":"product_cat-diversos","8":"product_cat-escritorio","10":"first","11":"instock","12":"shipping-taxable","13":"product-type-simple"},"_links":{"self":[{"href":"https:\/\/promoalge.com.br\/index.php?rest_route=\/wp\/v2\/product\/6337","targetHints":{"allow":["GET"]}}],"collection":[{"href":"https:\/\/promoalge.com.br\/index.php?rest_route=\/wp\/v2\/product"}],"about":[{"href":"https:\/\/promoalge.com.br\/index.php?rest_route=\/wp\/v2\/types\/product"}],"wp:featuredmedia":[{"embeddable":true,"href":"https:\/\/promoalge.com.br\/index.php?rest_route=\/wp\/v2\/media\/6338"}],"wp:attachment":[{"href":"https:\/\/promoalge.com.br\/index.php?rest_route=%2Fwp%2Fv2%2Fmedia&parent=6337"}],"wp:term":[{"taxonomy":"product_brand","embeddable":true,"href":"https:\/\/promoalge.com.br\/index.php?rest_route=%2Fwp%2Fv2%2Fproduct_brand&post=6337"},{"taxonomy":"product_cat","embeddable":true,"href":"https:\/\/promoalge.com.br\/index.php?rest_route=%2Fwp%2Fv2%2Fproduct_cat&post=6337"},{"taxonomy":"product_tag","embeddable":true,"href":"https:\/\/promoalge.com.br\/index.php?rest_route=%2Fwp%2Fv2%2Fproduct_tag&post=6337"}],"curies":[{"name":"wp","href":"https:\/\/api.w.org\/{rel}","templated":true}]}}