{"id":6369,"date":"2021-02-12T11:29:03","date_gmt":"2021-02-12T14:29:03","guid":{"rendered":"http:\/\/promoalge.com.br\/?post_type=product&#038;p=6369"},"modified":"2021-02-12T11:36:33","modified_gmt":"2021-02-12T14:36:33","slug":"kit-queijo-kt90012","status":"publish","type":"product","link":"https:\/\/promoalge.com.br\/?product=kit-queijo-kt90012","title":{"rendered":"Kit Queijo &#8211; KT90012"},"content":{"rendered":"","protected":false},"excerpt":{"rendered":"<p>Kit para Queijo, kit composto com t\u00e1bua redonda para queijo\/petisco; faca para frios em metal, quatro copos vidro, incluso embalagem com ber\u00e7o para acomodar os itens. Grava\u00e7\u00e3o a laser na faca, t\u00e1bua, copos e serigrafia em 1 cor na caixa.<\/p>\n<ul>\n<li>M\u00ednimo 30 Unidades.<\/li>\n<\/ul>\n","protected":false},"featured_media":6372,"template":"","meta":[],"product_brand":[],"product_cat":[49],"product_tag":[],"class_list":{"0":"post-6369","1":"product","2":"type-product","3":"status-publish","4":"has-post-thumbnail","6":"product_cat-bar-queijo-vinhos","8":"first","9":"instock","10":"shipping-taxable","11":"product-type-simple"},"_links":{"self":[{"href":"https:\/\/promoalge.com.br\/index.php?rest_route=\/wp\/v2\/product\/6369","targetHints":{"allow":["GET"]}}],"collection":[{"href":"https:\/\/promoalge.com.br\/index.php?rest_route=\/wp\/v2\/product"}],"about":[{"href":"https:\/\/promoalge.com.br\/index.php?rest_route=\/wp\/v2\/types\/product"}],"wp:featuredmedia":[{"embeddable":true,"href":"https:\/\/promoalge.com.br\/index.php?rest_route=\/wp\/v2\/media\/6372"}],"wp:attachment":[{"href":"https:\/\/promoalge.com.br\/index.php?rest_route=%2Fwp%2Fv2%2Fmedia&parent=6369"}],"wp:term":[{"taxonomy":"product_brand","embeddable":true,"href":"https:\/\/promoalge.com.br\/index.php?rest_route=%2Fwp%2Fv2%2Fproduct_brand&post=6369"},{"taxonomy":"product_cat","embeddable":true,"href":"https:\/\/promoalge.com.br\/index.php?rest_route=%2Fwp%2Fv2%2Fproduct_cat&post=6369"},{"taxonomy":"product_tag","embeddable":true,"href":"https:\/\/promoalge.com.br\/index.php?rest_route=%2Fwp%2Fv2%2Fproduct_tag&post=6369"}],"curies":[{"name":"wp","href":"https:\/\/api.w.org\/{rel}","templated":true}]}}