{"id":6403,"date":"2021-02-26T16:50:14","date_gmt":"2021-02-26T19:50:14","guid":{"rendered":"http:\/\/promoalge.com.br\/?post_type=product&#038;p=6403"},"modified":"2021-03-02T11:16:35","modified_gmt":"2021-03-02T14:16:35","slug":"necessaire-pr18516","status":"publish","type":"product","link":"https:\/\/promoalge.com.br\/?product=necessaire-pr18516","title":{"rendered":"Necessaire &#8211; PR18516"},"content":{"rendered":"","protected":false},"excerpt":{"rendered":"<p>Necessaire imperme\u00e1vel de poli\u00e9ster com detalhes em couro sint\u00e9tico e parte interna com revestimento emborrachado, possui um \u201cbot\u00e3o\u201d no detalhe do couro frontal.<br \/>\nMedidas:<br \/>\nAltura : 11 cm<br \/>\nLargura : 7,7 cm<br \/>\nComprimento : 17,5 cm<\/p>\n<p>Grava\u00e7\u00e3o serigrafia em 1 cor.<\/p>\n","protected":false},"featured_media":6404,"template":"","meta":[],"product_brand":[],"product_cat":[408,416],"product_tag":[],"class_list":{"0":"post-6403","1":"product","2":"type-product","3":"status-publish","4":"has-post-thumbnail","6":"product_cat-couro","7":"product_cat-necessaire","9":"first","10":"instock","11":"shipping-taxable","12":"product-type-simple"},"_links":{"self":[{"href":"https:\/\/promoalge.com.br\/index.php?rest_route=\/wp\/v2\/product\/6403","targetHints":{"allow":["GET"]}}],"collection":[{"href":"https:\/\/promoalge.com.br\/index.php?rest_route=\/wp\/v2\/product"}],"about":[{"href":"https:\/\/promoalge.com.br\/index.php?rest_route=\/wp\/v2\/types\/product"}],"wp:featuredmedia":[{"embeddable":true,"href":"https:\/\/promoalge.com.br\/index.php?rest_route=\/wp\/v2\/media\/6404"}],"wp:attachment":[{"href":"https:\/\/promoalge.com.br\/index.php?rest_route=%2Fwp%2Fv2%2Fmedia&parent=6403"}],"wp:term":[{"taxonomy":"product_brand","embeddable":true,"href":"https:\/\/promoalge.com.br\/index.php?rest_route=%2Fwp%2Fv2%2Fproduct_brand&post=6403"},{"taxonomy":"product_cat","embeddable":true,"href":"https:\/\/promoalge.com.br\/index.php?rest_route=%2Fwp%2Fv2%2Fproduct_cat&post=6403"},{"taxonomy":"product_tag","embeddable":true,"href":"https:\/\/promoalge.com.br\/index.php?rest_route=%2Fwp%2Fv2%2Fproduct_tag&post=6403"}],"curies":[{"name":"wp","href":"https:\/\/api.w.org\/{rel}","templated":true}]}}