{"id":6448,"date":"2021-03-10T13:06:56","date_gmt":"2021-03-10T16:06:56","guid":{"rendered":"http:\/\/promoalge.com.br\/?post_type=product&#038;p=6448"},"modified":"2021-03-10T13:06:58","modified_gmt":"2021-03-10T16:06:58","slug":"adaptador-usb-3-em-1-pr97157","status":"publish","type":"product","link":"https:\/\/promoalge.com.br\/?product=adaptador-usb-3-em-1-pr97157","title":{"rendered":"Adaptador USB 3 em 1 &#8211; PR97157"},"content":{"rendered":"","protected":false},"excerpt":{"rendered":"<p>Adaptardor com cabo USB 3 em 1, adequado para carregar dispositivos m\u00f3veis. Possui de um conector micro USB e adaptadores Lightning\u00ae (com certifica\u00e7\u00e3o MFI) e USB tipo C, incluso estojo com z\u00edper, medidas cabo: 1020 mm. Grava\u00e7\u00e3o serigrafia em 1 cor no estojo.<\/p>\n<ul>\n<li>M\u00ednimo 30 unidades.<\/li>\n<\/ul>\n","protected":false},"featured_media":6449,"template":"","meta":[],"product_brand":[],"product_cat":[417],"product_tag":[],"class_list":{"0":"post-6448","1":"product","2":"type-product","3":"status-publish","4":"has-post-thumbnail","6":"product_cat-pendrive-tecnologia","8":"first","9":"instock","10":"shipping-taxable","11":"product-type-simple"},"_links":{"self":[{"href":"https:\/\/promoalge.com.br\/index.php?rest_route=\/wp\/v2\/product\/6448","targetHints":{"allow":["GET"]}}],"collection":[{"href":"https:\/\/promoalge.com.br\/index.php?rest_route=\/wp\/v2\/product"}],"about":[{"href":"https:\/\/promoalge.com.br\/index.php?rest_route=\/wp\/v2\/types\/product"}],"wp:featuredmedia":[{"embeddable":true,"href":"https:\/\/promoalge.com.br\/index.php?rest_route=\/wp\/v2\/media\/6449"}],"wp:attachment":[{"href":"https:\/\/promoalge.com.br\/index.php?rest_route=%2Fwp%2Fv2%2Fmedia&parent=6448"}],"wp:term":[{"taxonomy":"product_brand","embeddable":true,"href":"https:\/\/promoalge.com.br\/index.php?rest_route=%2Fwp%2Fv2%2Fproduct_brand&post=6448"},{"taxonomy":"product_cat","embeddable":true,"href":"https:\/\/promoalge.com.br\/index.php?rest_route=%2Fwp%2Fv2%2Fproduct_cat&post=6448"},{"taxonomy":"product_tag","embeddable":true,"href":"https:\/\/promoalge.com.br\/index.php?rest_route=%2Fwp%2Fv2%2Fproduct_tag&post=6448"}],"curies":[{"name":"wp","href":"https:\/\/api.w.org\/{rel}","templated":true}]}}