{"id":6456,"date":"2021-03-10T17:35:43","date_gmt":"2021-03-10T20:35:43","guid":{"rendered":"http:\/\/promoalge.com.br\/?post_type=product&#038;p=6456"},"modified":"2025-08-12T16:54:04","modified_gmt":"2025-08-12T19:54:04","slug":"necessaire-pr18501","status":"publish","type":"product","link":"https:\/\/promoalge.com.br\/?product=necessaire-pr18501","title":{"rendered":"Necessaire &#8211; PR18501"},"content":{"rendered":"","protected":false},"excerpt":{"rendered":"<p>Necessaire de nylon colorido com al\u00e7a lateral, parte interna com forro de poli\u00e9ster, fechamento com z\u00edper.<br \/>\nMedidas:<br \/>\nAltura : 12,5 cm<br \/>\nLargura : 22 cm<\/p>\n<p>Grava\u00e7\u00e3o serigrafia em 1 cor.<\/p>\n<p>&nbsp;<\/p>\n<ul>\n<li>M\u00ednimo 50 Unidades.<\/li>\n<\/ul>\n","protected":false},"featured_media":6463,"template":"","meta":[],"product_brand":[],"product_cat":[416],"product_tag":[],"class_list":{"0":"post-6456","1":"product","2":"type-product","3":"status-publish","4":"has-post-thumbnail","6":"product_cat-necessaire","8":"first","9":"instock","10":"shipping-taxable","11":"product-type-simple"},"_links":{"self":[{"href":"https:\/\/promoalge.com.br\/index.php?rest_route=\/wp\/v2\/product\/6456","targetHints":{"allow":["GET"]}}],"collection":[{"href":"https:\/\/promoalge.com.br\/index.php?rest_route=\/wp\/v2\/product"}],"about":[{"href":"https:\/\/promoalge.com.br\/index.php?rest_route=\/wp\/v2\/types\/product"}],"wp:featuredmedia":[{"embeddable":true,"href":"https:\/\/promoalge.com.br\/index.php?rest_route=\/wp\/v2\/media\/6463"}],"wp:attachment":[{"href":"https:\/\/promoalge.com.br\/index.php?rest_route=%2Fwp%2Fv2%2Fmedia&parent=6456"}],"wp:term":[{"taxonomy":"product_brand","embeddable":true,"href":"https:\/\/promoalge.com.br\/index.php?rest_route=%2Fwp%2Fv2%2Fproduct_brand&post=6456"},{"taxonomy":"product_cat","embeddable":true,"href":"https:\/\/promoalge.com.br\/index.php?rest_route=%2Fwp%2Fv2%2Fproduct_cat&post=6456"},{"taxonomy":"product_tag","embeddable":true,"href":"https:\/\/promoalge.com.br\/index.php?rest_route=%2Fwp%2Fv2%2Fproduct_tag&post=6456"}],"curies":[{"name":"wp","href":"https:\/\/api.w.org\/{rel}","templated":true}]}}