{"id":6491,"date":"2021-03-29T22:29:27","date_gmt":"2021-03-30T01:29:27","guid":{"rendered":"http:\/\/promoalge.com.br\/?post_type=product&#038;p=6491"},"modified":"2021-03-29T22:29:29","modified_gmt":"2021-03-30T01:29:29","slug":"kit-churrasco-petisco-me21013","status":"publish","type":"product","link":"https:\/\/promoalge.com.br\/?product=kit-churrasco-petisco-me21013","title":{"rendered":"Kit Churrasco &#038; Petisco &#8211; ME21013"},"content":{"rendered":"","protected":false},"excerpt":{"rendered":"<p>Conjunto para churrasco e queijo, acompanha t\u00e1bua com tr\u00eas furos e duas esp\u00e1tulas em bambu; faca 7&#8221; e garfo em bambu\/Inox; faca em a\u00e7o inox; dois ramequins, medidas t\u00e1bua 37&#215;22,5&#215;1,2cm, incluso caixa em papel\u00e3o com ber\u00e7o para os itens. Incluso personaliza\u00e7\u00e3o em serigrafia na caixa e laser na l\u00e2mina das facas.<\/p>\n<ul>\n<li>M\u00ednimo 30 unidades.<\/li>\n<\/ul>\n","protected":false},"featured_media":6492,"template":"","meta":[],"product_brand":[],"product_cat":[49,412],"product_tag":[],"class_list":{"0":"post-6491","1":"product","2":"type-product","3":"status-publish","4":"has-post-thumbnail","6":"product_cat-bar-queijo-vinhos","7":"product_cat-kits-churrasco","9":"first","10":"instock","11":"shipping-taxable","12":"product-type-simple"},"_links":{"self":[{"href":"https:\/\/promoalge.com.br\/index.php?rest_route=\/wp\/v2\/product\/6491","targetHints":{"allow":["GET"]}}],"collection":[{"href":"https:\/\/promoalge.com.br\/index.php?rest_route=\/wp\/v2\/product"}],"about":[{"href":"https:\/\/promoalge.com.br\/index.php?rest_route=\/wp\/v2\/types\/product"}],"wp:featuredmedia":[{"embeddable":true,"href":"https:\/\/promoalge.com.br\/index.php?rest_route=\/wp\/v2\/media\/6492"}],"wp:attachment":[{"href":"https:\/\/promoalge.com.br\/index.php?rest_route=%2Fwp%2Fv2%2Fmedia&parent=6491"}],"wp:term":[{"taxonomy":"product_brand","embeddable":true,"href":"https:\/\/promoalge.com.br\/index.php?rest_route=%2Fwp%2Fv2%2Fproduct_brand&post=6491"},{"taxonomy":"product_cat","embeddable":true,"href":"https:\/\/promoalge.com.br\/index.php?rest_route=%2Fwp%2Fv2%2Fproduct_cat&post=6491"},{"taxonomy":"product_tag","embeddable":true,"href":"https:\/\/promoalge.com.br\/index.php?rest_route=%2Fwp%2Fv2%2Fproduct_tag&post=6491"}],"curies":[{"name":"wp","href":"https:\/\/api.w.org\/{rel}","templated":true}]}}