{"id":6496,"date":"2021-04-13T16:16:57","date_gmt":"2021-04-13T19:16:57","guid":{"rendered":"http:\/\/promoalge.com.br\/?post_type=product&#038;p=6496"},"modified":"2021-04-13T16:16:57","modified_gmt":"2021-04-13T19:16:57","slug":"necessaire-estojo-pr4193","status":"publish","type":"product","link":"https:\/\/promoalge.com.br\/?product=necessaire-estojo-pr4193","title":{"rendered":"Necessaire \/ Estojo &#8211; PR4193"},"content":{"rendered":"","protected":false},"excerpt":{"rendered":"<p>Necess\u00e1ire produzida em poli\u00e9ster 600 com ziper, medida: 21 x 2,8 x 10 cm , personaliza\u00e7\u00e3o atrav\u00e9s de silk screen 1 cor.<\/p>\n<ul>\n<li>M\u00ednimo 100 unidades.<\/li>\n<\/ul>\n","protected":false},"featured_media":6497,"template":"","meta":[],"product_brand":[],"product_cat":[353,416],"product_tag":[],"class_list":{"0":"post-6496","1":"product","2":"type-product","3":"status-publish","4":"has-post-thumbnail","6":"product_cat-diversos","7":"product_cat-necessaire","9":"first","10":"instock","11":"shipping-taxable","12":"product-type-simple"},"_links":{"self":[{"href":"https:\/\/promoalge.com.br\/index.php?rest_route=\/wp\/v2\/product\/6496","targetHints":{"allow":["GET"]}}],"collection":[{"href":"https:\/\/promoalge.com.br\/index.php?rest_route=\/wp\/v2\/product"}],"about":[{"href":"https:\/\/promoalge.com.br\/index.php?rest_route=\/wp\/v2\/types\/product"}],"wp:featuredmedia":[{"embeddable":true,"href":"https:\/\/promoalge.com.br\/index.php?rest_route=\/wp\/v2\/media\/6497"}],"wp:attachment":[{"href":"https:\/\/promoalge.com.br\/index.php?rest_route=%2Fwp%2Fv2%2Fmedia&parent=6496"}],"wp:term":[{"taxonomy":"product_brand","embeddable":true,"href":"https:\/\/promoalge.com.br\/index.php?rest_route=%2Fwp%2Fv2%2Fproduct_brand&post=6496"},{"taxonomy":"product_cat","embeddable":true,"href":"https:\/\/promoalge.com.br\/index.php?rest_route=%2Fwp%2Fv2%2Fproduct_cat&post=6496"},{"taxonomy":"product_tag","embeddable":true,"href":"https:\/\/promoalge.com.br\/index.php?rest_route=%2Fwp%2Fv2%2Fproduct_tag&post=6496"}],"curies":[{"name":"wp","href":"https:\/\/api.w.org\/{rel}","templated":true}]}}