{"id":6515,"date":"2021-04-15T16:50:29","date_gmt":"2021-04-15T19:50:29","guid":{"rendered":"http:\/\/promoalge.com.br\/?post_type=product&#038;p=6515"},"modified":"2021-04-15T16:50:29","modified_gmt":"2021-04-15T19:50:29","slug":"spray-higienizador-10-ml-pr18511","status":"publish","type":"product","link":"https:\/\/promoalge.com.br\/?product=spray-higienizador-10-ml-pr18511","title":{"rendered":"Spray Higienizador 10 ml &#8211; PR18511"},"content":{"rendered":"","protected":false},"excerpt":{"rendered":"<p>Spray higienizador 10ml pl\u00e1stico formato bast\u00e3o com acabamento fosco, cont\u00e9m tampa de clipe e tampa spray colorido. Para inserir ess\u00eancias, basta desrosquear a tampa de acionamento. Pode ser utilizado como higienizador ou porta perfume.<br \/>\nMedidas<br \/>\nAltura : 14,1 cm<br \/>\nLargura : 2,2 cm<br \/>\nCircunfer\u00eancia : 5 cm<\/p>\n<p>Grava\u00e7\u00e3o serigrafia em 1 cor<\/p>\n","protected":false},"featured_media":6516,"template":"","meta":[],"product_brand":[],"product_cat":[353],"product_tag":[],"class_list":{"0":"post-6515","1":"product","2":"type-product","3":"status-publish","4":"has-post-thumbnail","6":"product_cat-diversos","8":"first","9":"instock","10":"shipping-taxable","11":"product-type-simple"},"_links":{"self":[{"href":"https:\/\/promoalge.com.br\/index.php?rest_route=\/wp\/v2\/product\/6515","targetHints":{"allow":["GET"]}}],"collection":[{"href":"https:\/\/promoalge.com.br\/index.php?rest_route=\/wp\/v2\/product"}],"about":[{"href":"https:\/\/promoalge.com.br\/index.php?rest_route=\/wp\/v2\/types\/product"}],"wp:featuredmedia":[{"embeddable":true,"href":"https:\/\/promoalge.com.br\/index.php?rest_route=\/wp\/v2\/media\/6516"}],"wp:attachment":[{"href":"https:\/\/promoalge.com.br\/index.php?rest_route=%2Fwp%2Fv2%2Fmedia&parent=6515"}],"wp:term":[{"taxonomy":"product_brand","embeddable":true,"href":"https:\/\/promoalge.com.br\/index.php?rest_route=%2Fwp%2Fv2%2Fproduct_brand&post=6515"},{"taxonomy":"product_cat","embeddable":true,"href":"https:\/\/promoalge.com.br\/index.php?rest_route=%2Fwp%2Fv2%2Fproduct_cat&post=6515"},{"taxonomy":"product_tag","embeddable":true,"href":"https:\/\/promoalge.com.br\/index.php?rest_route=%2Fwp%2Fv2%2Fproduct_tag&post=6515"}],"curies":[{"name":"wp","href":"https:\/\/api.w.org\/{rel}","templated":true}]}}