{"id":6598,"date":"2021-04-28T13:11:35","date_gmt":"2021-04-28T16:11:35","guid":{"rendered":"http:\/\/promoalge.com.br\/?post_type=product&#038;p=6598"},"modified":"2021-04-28T13:11:35","modified_gmt":"2021-04-28T16:11:35","slug":"necessaire-prne201","status":"publish","type":"product","link":"https:\/\/promoalge.com.br\/?product=necessaire-prne201","title":{"rendered":"Necessaire &#8211; PRNE201"},"content":{"rendered":"","protected":false},"excerpt":{"rendered":"<p>Necessaire produzida em couro sint\u00e9tico e nylon 70 preto, forro na parte interna e al\u00e7a lateral, medidas 22,9 x 9,5 x 13,7 cm. Grava\u00e7\u00e3o serigrafia em 1 cor.<\/p>\n<ul>\n<li>M\u00ednimo 50 unidades.<\/li>\n<\/ul>\n","protected":false},"featured_media":6599,"template":"","meta":[],"product_brand":[],"product_cat":[408,416],"product_tag":[],"class_list":{"0":"post-6598","1":"product","2":"type-product","3":"status-publish","4":"has-post-thumbnail","6":"product_cat-couro","7":"product_cat-necessaire","9":"first","10":"instock","11":"shipping-taxable","12":"product-type-simple"},"_links":{"self":[{"href":"https:\/\/promoalge.com.br\/index.php?rest_route=\/wp\/v2\/product\/6598","targetHints":{"allow":["GET"]}}],"collection":[{"href":"https:\/\/promoalge.com.br\/index.php?rest_route=\/wp\/v2\/product"}],"about":[{"href":"https:\/\/promoalge.com.br\/index.php?rest_route=\/wp\/v2\/types\/product"}],"wp:featuredmedia":[{"embeddable":true,"href":"https:\/\/promoalge.com.br\/index.php?rest_route=\/wp\/v2\/media\/6599"}],"wp:attachment":[{"href":"https:\/\/promoalge.com.br\/index.php?rest_route=%2Fwp%2Fv2%2Fmedia&parent=6598"}],"wp:term":[{"taxonomy":"product_brand","embeddable":true,"href":"https:\/\/promoalge.com.br\/index.php?rest_route=%2Fwp%2Fv2%2Fproduct_brand&post=6598"},{"taxonomy":"product_cat","embeddable":true,"href":"https:\/\/promoalge.com.br\/index.php?rest_route=%2Fwp%2Fv2%2Fproduct_cat&post=6598"},{"taxonomy":"product_tag","embeddable":true,"href":"https:\/\/promoalge.com.br\/index.php?rest_route=%2Fwp%2Fv2%2Fproduct_tag&post=6598"}],"curies":[{"name":"wp","href":"https:\/\/api.w.org\/{rel}","templated":true}]}}