{"id":6601,"date":"2021-04-28T13:14:36","date_gmt":"2021-04-28T16:14:36","guid":{"rendered":"http:\/\/promoalge.com.br\/?post_type=product&#038;p=6601"},"modified":"2021-04-28T13:14:37","modified_gmt":"2021-04-28T16:14:37","slug":"necessaire-prne202","status":"publish","type":"product","link":"https:\/\/promoalge.com.br\/?product=necessaire-prne202","title":{"rendered":"Necessaire &#8211; PRNE202"},"content":{"rendered":"","protected":false},"excerpt":{"rendered":"<p>Necessaire produzida em couro sint\u00e9tico preto com al\u00e7a lateral, fechamento com z\u00edper, medidas 20,0 x 5,0 x 13,5 cm. Grava\u00e7\u00e3o serigrafia em 1 cor.<\/p>\n<ul>\n<li>M\u00ednimo 100 unidades.<\/li>\n<\/ul>\n","protected":false},"featured_media":6602,"template":"","meta":[],"product_brand":[],"product_cat":[408,416],"product_tag":[],"class_list":{"0":"post-6601","1":"product","2":"type-product","3":"status-publish","4":"has-post-thumbnail","6":"product_cat-couro","7":"product_cat-necessaire","9":"first","10":"instock","11":"shipping-taxable","12":"product-type-simple"},"_links":{"self":[{"href":"https:\/\/promoalge.com.br\/index.php?rest_route=\/wp\/v2\/product\/6601","targetHints":{"allow":["GET"]}}],"collection":[{"href":"https:\/\/promoalge.com.br\/index.php?rest_route=\/wp\/v2\/product"}],"about":[{"href":"https:\/\/promoalge.com.br\/index.php?rest_route=\/wp\/v2\/types\/product"}],"wp:featuredmedia":[{"embeddable":true,"href":"https:\/\/promoalge.com.br\/index.php?rest_route=\/wp\/v2\/media\/6602"}],"wp:attachment":[{"href":"https:\/\/promoalge.com.br\/index.php?rest_route=%2Fwp%2Fv2%2Fmedia&parent=6601"}],"wp:term":[{"taxonomy":"product_brand","embeddable":true,"href":"https:\/\/promoalge.com.br\/index.php?rest_route=%2Fwp%2Fv2%2Fproduct_brand&post=6601"},{"taxonomy":"product_cat","embeddable":true,"href":"https:\/\/promoalge.com.br\/index.php?rest_route=%2Fwp%2Fv2%2Fproduct_cat&post=6601"},{"taxonomy":"product_tag","embeddable":true,"href":"https:\/\/promoalge.com.br\/index.php?rest_route=%2Fwp%2Fv2%2Fproduct_tag&post=6601"}],"curies":[{"name":"wp","href":"https:\/\/api.w.org\/{rel}","templated":true}]}}