{"id":6614,"date":"2021-04-29T16:31:44","date_gmt":"2021-04-29T19:31:44","guid":{"rendered":"http:\/\/promoalge.com.br\/?post_type=product&#038;p=6614"},"modified":"2021-04-29T16:31:44","modified_gmt":"2021-04-29T19:31:44","slug":"chaveiro-abridor-com-led-pr94754","status":"publish","type":"product","link":"https:\/\/promoalge.com.br\/?product=chaveiro-abridor-com-led-pr94754","title":{"rendered":"Chaveiro Abridor com Led &#8211; PR94754"},"content":{"rendered":"","protected":false},"excerpt":{"rendered":"<p>Chaveiro em alum\u00ednio com 1 LED, possui abridor de garrafas e fita em silicone. Inclui 3 pilhas LR44, medidas \u00f817 x 73 mm | Pega de silicone: 60 mm. Grava\u00e7\u00e3o a laser.<\/p>\n<ul>\n<li>M\u00ednimo 100 pe\u00e7as.<\/li>\n<\/ul>\n","protected":false},"featured_media":6620,"template":"","meta":[],"product_brand":[],"product_cat":[406],"product_tag":[],"class_list":{"0":"post-6614","1":"product","2":"type-product","3":"status-publish","4":"has-post-thumbnail","6":"product_cat-chaveiros","8":"first","9":"instock","10":"shipping-taxable","11":"product-type-simple"},"_links":{"self":[{"href":"https:\/\/promoalge.com.br\/index.php?rest_route=\/wp\/v2\/product\/6614","targetHints":{"allow":["GET"]}}],"collection":[{"href":"https:\/\/promoalge.com.br\/index.php?rest_route=\/wp\/v2\/product"}],"about":[{"href":"https:\/\/promoalge.com.br\/index.php?rest_route=\/wp\/v2\/types\/product"}],"wp:featuredmedia":[{"embeddable":true,"href":"https:\/\/promoalge.com.br\/index.php?rest_route=\/wp\/v2\/media\/6620"}],"wp:attachment":[{"href":"https:\/\/promoalge.com.br\/index.php?rest_route=%2Fwp%2Fv2%2Fmedia&parent=6614"}],"wp:term":[{"taxonomy":"product_brand","embeddable":true,"href":"https:\/\/promoalge.com.br\/index.php?rest_route=%2Fwp%2Fv2%2Fproduct_brand&post=6614"},{"taxonomy":"product_cat","embeddable":true,"href":"https:\/\/promoalge.com.br\/index.php?rest_route=%2Fwp%2Fv2%2Fproduct_cat&post=6614"},{"taxonomy":"product_tag","embeddable":true,"href":"https:\/\/promoalge.com.br\/index.php?rest_route=%2Fwp%2Fv2%2Fproduct_tag&post=6614"}],"curies":[{"name":"wp","href":"https:\/\/api.w.org\/{rel}","templated":true}]}}