{"id":6626,"date":"2021-04-30T16:14:24","date_gmt":"2021-04-30T19:14:24","guid":{"rendered":"http:\/\/promoalge.com.br\/?post_type=product&#038;p=6626"},"modified":"2021-04-30T16:14:26","modified_gmt":"2021-04-30T19:14:26","slug":"protetor-para-webcam-pr97951","status":"publish","type":"product","link":"https:\/\/promoalge.com.br\/?product=protetor-para-webcam-pr97951","title":{"rendered":"Protetor para Webcam &#8211; PR97951"},"content":{"rendered":"","protected":false},"excerpt":{"rendered":"<p>Protetor para webcam produzid em PP com tampa deslizante e autocolante no verso. Formato universal para smartphone, tablet, notebook e computador de secret\u00e1ria. 32 x 13 x 1,5 mm | Aberto: 43 x 13 x 1,5 mm. Grava\u00e7\u00e3o serigrafia em 1 cor.<\/p>\n<ul>\n<li>M\u00ednimo 100 unidades.<\/li>\n<\/ul>\n","protected":false},"featured_media":6633,"template":"","meta":[],"product_brand":[],"product_cat":[353],"product_tag":[],"class_list":{"0":"post-6626","1":"product","2":"type-product","3":"status-publish","4":"has-post-thumbnail","6":"product_cat-diversos","8":"first","9":"instock","10":"shipping-taxable","11":"product-type-simple"},"_links":{"self":[{"href":"https:\/\/promoalge.com.br\/index.php?rest_route=\/wp\/v2\/product\/6626","targetHints":{"allow":["GET"]}}],"collection":[{"href":"https:\/\/promoalge.com.br\/index.php?rest_route=\/wp\/v2\/product"}],"about":[{"href":"https:\/\/promoalge.com.br\/index.php?rest_route=\/wp\/v2\/types\/product"}],"wp:featuredmedia":[{"embeddable":true,"href":"https:\/\/promoalge.com.br\/index.php?rest_route=\/wp\/v2\/media\/6633"}],"wp:attachment":[{"href":"https:\/\/promoalge.com.br\/index.php?rest_route=%2Fwp%2Fv2%2Fmedia&parent=6626"}],"wp:term":[{"taxonomy":"product_brand","embeddable":true,"href":"https:\/\/promoalge.com.br\/index.php?rest_route=%2Fwp%2Fv2%2Fproduct_brand&post=6626"},{"taxonomy":"product_cat","embeddable":true,"href":"https:\/\/promoalge.com.br\/index.php?rest_route=%2Fwp%2Fv2%2Fproduct_cat&post=6626"},{"taxonomy":"product_tag","embeddable":true,"href":"https:\/\/promoalge.com.br\/index.php?rest_route=%2Fwp%2Fv2%2Fproduct_tag&post=6626"}],"curies":[{"name":"wp","href":"https:\/\/api.w.org\/{rel}","templated":true}]}}