{"id":6692,"date":"2021-05-04T11:48:20","date_gmt":"2021-05-04T14:48:20","guid":{"rendered":"http:\/\/promoalge.com.br\/?post_type=product&#038;p=6692"},"modified":"2023-04-11T16:09:21","modified_gmt":"2023-04-11T19:09:21","slug":"copo-350-fibra-de-bambu-pr3006","status":"publish","type":"product","link":"https:\/\/promoalge.com.br\/?product=copo-350-fibra-de-bambu-pr3006","title":{"rendered":"Copo 350 Fibra de Bambu &#8211; PR3006"},"content":{"rendered":"","protected":false},"excerpt":{"rendered":"<p>Copo fibra de bambu 350ml com parede dupla e al\u00e7a. Copo produzido em Polipropileno livre de BPA, possui uma tampa de veda\u00e7\u00e3o rosque\u00e1vel e al\u00e7a de nylon (remov\u00edvel) para transporte. Conserva a temperatura interna durante um per\u00edodo de 1 \u00e0 2 horas, mas n\u00e3o disp\u00f5e de isolamento t\u00e9rmico. O copo pode ser levado a lava-lou\u00e7as, geladeiras e micro-ondas.<br \/>\nMedidas:<br \/>\nAltura : 17 cm<br \/>\nLargura : 7,8 cm<br \/>\nCircunfer\u00eancia : 22,4 cm<\/p>\n<p>Grava\u00e7\u00e3o serigrafia em 1 cor.<\/p>\n<ul>\n<li>M\u00ednimo 50 unidades.<\/li>\n<\/ul>\n","protected":false},"featured_media":6702,"template":"","meta":[],"product_brand":[],"product_cat":[251,321],"product_tag":[],"class_list":{"0":"post-6692","1":"product","2":"type-product","3":"status-publish","4":"has-post-thumbnail","6":"product_cat-plastica-canecas-copos-garrafas","7":"product_cat-linha-ecologica","9":"first","10":"instock","11":"shipping-taxable","12":"product-type-simple"},"_links":{"self":[{"href":"https:\/\/promoalge.com.br\/index.php?rest_route=\/wp\/v2\/product\/6692","targetHints":{"allow":["GET"]}}],"collection":[{"href":"https:\/\/promoalge.com.br\/index.php?rest_route=\/wp\/v2\/product"}],"about":[{"href":"https:\/\/promoalge.com.br\/index.php?rest_route=\/wp\/v2\/types\/product"}],"wp:featuredmedia":[{"embeddable":true,"href":"https:\/\/promoalge.com.br\/index.php?rest_route=\/wp\/v2\/media\/6702"}],"wp:attachment":[{"href":"https:\/\/promoalge.com.br\/index.php?rest_route=%2Fwp%2Fv2%2Fmedia&parent=6692"}],"wp:term":[{"taxonomy":"product_brand","embeddable":true,"href":"https:\/\/promoalge.com.br\/index.php?rest_route=%2Fwp%2Fv2%2Fproduct_brand&post=6692"},{"taxonomy":"product_cat","embeddable":true,"href":"https:\/\/promoalge.com.br\/index.php?rest_route=%2Fwp%2Fv2%2Fproduct_cat&post=6692"},{"taxonomy":"product_tag","embeddable":true,"href":"https:\/\/promoalge.com.br\/index.php?rest_route=%2Fwp%2Fv2%2Fproduct_tag&post=6692"}],"curies":[{"name":"wp","href":"https:\/\/api.w.org\/{rel}","templated":true}]}}