{"id":6703,"date":"2021-05-04T15:55:24","date_gmt":"2021-05-04T18:55:24","guid":{"rendered":"http:\/\/promoalge.com.br\/?post_type=product&#038;p=6703"},"modified":"2021-05-04T15:55:25","modified_gmt":"2021-05-04T18:55:25","slug":"chaveiro-porta-comprimido-com-led-pr94755","status":"publish","type":"product","link":"https:\/\/promoalge.com.br\/?product=chaveiro-porta-comprimido-com-led-pr94755","title":{"rendered":"Chaveiro Porta Comprimido com Led &#8211; PR94755"},"content":{"rendered":"","protected":false},"excerpt":{"rendered":"<p>Chaveiro em alum\u00ednio com porta comprimidos e 1 LED ,possui fita em silicone. Incluso 3 pilhas LR44, medidas \u00f817 x 73 mm | Pega de silicone: 60 mm. Grava\u00e7\u00e3o a laser<\/p>\n<ul>\n<li>M\u00ednimo 100 unidades.<\/li>\n<\/ul>\n","protected":false},"featured_media":6716,"template":"","meta":[],"product_brand":[],"product_cat":[406,413],"product_tag":[],"class_list":{"0":"post-6703","1":"product","2":"type-product","3":"status-publish","4":"has-post-thumbnail","6":"product_cat-chaveiros","7":"product_cat-linha-feminina","9":"first","10":"instock","11":"shipping-taxable","12":"product-type-simple"},"_links":{"self":[{"href":"https:\/\/promoalge.com.br\/index.php?rest_route=\/wp\/v2\/product\/6703","targetHints":{"allow":["GET"]}}],"collection":[{"href":"https:\/\/promoalge.com.br\/index.php?rest_route=\/wp\/v2\/product"}],"about":[{"href":"https:\/\/promoalge.com.br\/index.php?rest_route=\/wp\/v2\/types\/product"}],"wp:featuredmedia":[{"embeddable":true,"href":"https:\/\/promoalge.com.br\/index.php?rest_route=\/wp\/v2\/media\/6716"}],"wp:attachment":[{"href":"https:\/\/promoalge.com.br\/index.php?rest_route=%2Fwp%2Fv2%2Fmedia&parent=6703"}],"wp:term":[{"taxonomy":"product_brand","embeddable":true,"href":"https:\/\/promoalge.com.br\/index.php?rest_route=%2Fwp%2Fv2%2Fproduct_brand&post=6703"},{"taxonomy":"product_cat","embeddable":true,"href":"https:\/\/promoalge.com.br\/index.php?rest_route=%2Fwp%2Fv2%2Fproduct_cat&post=6703"},{"taxonomy":"product_tag","embeddable":true,"href":"https:\/\/promoalge.com.br\/index.php?rest_route=%2Fwp%2Fv2%2Fproduct_tag&post=6703"}],"curies":[{"name":"wp","href":"https:\/\/api.w.org\/{rel}","templated":true}]}}