{"id":6764,"date":"2021-05-05T19:07:04","date_gmt":"2021-05-05T22:07:04","guid":{"rendered":"http:\/\/promoalge.com.br\/?post_type=product&#038;p=6764"},"modified":"2022-08-17T15:11:13","modified_gmt":"2022-08-17T18:11:13","slug":"abridor-saca-rolhas-pr10805","status":"publish","type":"product","link":"https:\/\/promoalge.com.br\/?product=abridor-saca-rolhas-pr10805","title":{"rendered":"Abridor Saca Rolhas &#8211; PR18621"},"content":{"rendered":"","protected":false},"excerpt":{"rendered":"<p>Saca rolhas met\u00e1lico (metal com apar\u00eancia fosca) com l\u00e2mina de corte e abridor de garrafa. Grava\u00e7\u00e3o a laser.<\/p>\n<ul>\n<li>M\u00ednimo 100 pe\u00e7as.<\/li>\n<\/ul>\n","protected":false},"featured_media":6765,"template":"","meta":[],"product_brand":[],"product_cat":[49,353],"product_tag":[],"class_list":{"0":"post-6764","1":"product","2":"type-product","3":"status-publish","4":"has-post-thumbnail","6":"product_cat-bar-queijo-vinhos","7":"product_cat-diversos","9":"first","10":"instock","11":"shipping-taxable","12":"product-type-simple"},"_links":{"self":[{"href":"https:\/\/promoalge.com.br\/index.php?rest_route=\/wp\/v2\/product\/6764","targetHints":{"allow":["GET"]}}],"collection":[{"href":"https:\/\/promoalge.com.br\/index.php?rest_route=\/wp\/v2\/product"}],"about":[{"href":"https:\/\/promoalge.com.br\/index.php?rest_route=\/wp\/v2\/types\/product"}],"wp:featuredmedia":[{"embeddable":true,"href":"https:\/\/promoalge.com.br\/index.php?rest_route=\/wp\/v2\/media\/6765"}],"wp:attachment":[{"href":"https:\/\/promoalge.com.br\/index.php?rest_route=%2Fwp%2Fv2%2Fmedia&parent=6764"}],"wp:term":[{"taxonomy":"product_brand","embeddable":true,"href":"https:\/\/promoalge.com.br\/index.php?rest_route=%2Fwp%2Fv2%2Fproduct_brand&post=6764"},{"taxonomy":"product_cat","embeddable":true,"href":"https:\/\/promoalge.com.br\/index.php?rest_route=%2Fwp%2Fv2%2Fproduct_cat&post=6764"},{"taxonomy":"product_tag","embeddable":true,"href":"https:\/\/promoalge.com.br\/index.php?rest_route=%2Fwp%2Fv2%2Fproduct_tag&post=6764"}],"curies":[{"name":"wp","href":"https:\/\/api.w.org\/{rel}","templated":true}]}}